{"id":2121,"date":"2018-04-14T07:28:38","date_gmt":"2018-04-14T07:28:38","guid":{"rendered":"https:\/\/www.shredder-bano.com\/it\/?page_id=2121"},"modified":"2024-03-16T08:42:02","modified_gmt":"2024-03-16T08:42:02","slug":"privacy","status":"publish","type":"page","link":"https:\/\/www.shredder-bano.com\/it\/privacy\/","title":{"rendered":"Informativa Privacy"},"content":{"rendered":"<div class=\"auto-format ui--animation\"><h1>Informativa privacy<\/h1>\n<\/div><div class=\"auto-format ui--animation\"><p><strong>DATI SOCIETARI<\/strong><br \/>\nBano Recycling s.r.l.<br \/>\nvia Antoniana, 10 \u2013 35011 Campodarsego<br \/>\nPadova \u2013 Italy<br \/>\nPhone: (+39) 049 9200757<br \/>\nFax: (+39) 049 9200172<br \/>\nP.IVA 03665010280<\/p>\n<p><strong>INFORMATIVE E CONSENSI AZIENDALI<\/strong><br \/>\n<a href=\"https:\/\/www.shredder-bano.com\/it\/wp-content\/uploads\/2023\/06\/informativa-privacy-cliente.pdf\" target=\"_blank\">Informativa aziendale &#8211; CLIENTI <\/a><br \/>\n<a href=\"https:\/\/www.shredder-bano.com\/it\/wp-content\/uploads\/2023\/06\/informativa-privacy-fonitori.pdf\" target=\"_blank\">Informativa aziendale &#8211; FORNITORI<\/a><br \/>\n<a href=\"https:\/\/www.shredder-bano.com\/it\/cookie-policy\/\" target=\"_self\">Cookie Policy del sito www.shredder-bano.com<\/a><\/p>\n<\/div><div class=\"auto-format ui--animation\"><p><strong>PRIVACY POLICY<br \/>\n<\/strong>In questa pagina si descrivono le modalit\u00e0 di gestione del sito in riferimento al trattamento dei dati personali degli utenti che lo consultano. Si tratta di un\u2019informativa che \u00e8 resa ai sensi degli artt. 13 e 14 del GDPR UE 2016\/679 e della normativa nazionale vigente, a coloro che interagiscono con i servizi web del\/la Bano Recycling s.r.l., accessibili per via telematica a partire dall\u2019indirizzo:<br \/>\nwww.shredder-bano.com<br \/>\ncorrispondente alla pagina iniziale del sito ufficiale del\/la Bano Recycling s.r.l..<br \/>\nL\u2019informativa \u00e8 resa solo per il sito del\/la Bano Recycling s.r.l. e non anche per altri siti web eventualmente consultati dall\u2019utente tramite link.<br \/>\nL\u2019informativa si ispira anche alla Raccomandazione n. 2\/2001 che le autorit\u00e0 europee per la protezione dei dati personali, riunite nel Gruppo istituito dall\u2019art. 29 della direttiva n. 95\/46\/CE, hanno adottato il 17 maggio 2001 per individuare alcuni requisiti minimi per la raccolta di dati personali on-line, e, in particolare, le modalit\u00e0, i tempi e la natura delle informazioni che i titolari del trattamento devono fornire agli utenti quando questi si collegano a pagine web, indipendentemente dagli scopi del collegamento.<\/p>\n<p><strong>1. Il \u201cTitolare\u201d del trattamento<br \/>\n<\/strong>A seguito della consultazione di questo sito possono essere trattati dati relativi a persone identificate o identificabili.<br \/>\nIl \u201ctitolare\u201d del loro trattamento \u00e8 Bano Recycling s.r.l., che ha sede in Via via Marcello, 24 &#8211; 35011 Campodarsego &#8211; Padova \u2013 Italy &#8211; Phone: (+39) 049 9200757 &#8211; Fax: (+39) 049 92001722.<\/p>\n<p><strong>2. Luogo di trattamento dei dati<br \/>\n<\/strong>I trattamenti connessi ai servizi web di questo sito hanno luogo presso la predetta sede della Societ\u00e0 e sono curati solo da personale tecnico incaricato del trattamento. Nessun dato derivante dal servizio web viene comunicato o diffuso.<br \/>\nI dati personali forniti dagli utenti che inoltrano richieste di invio di materiale informativo (mailing list, newsletter, risposte a quesiti, ecc.) sono utilizzati al solo fine di eseguire il servizio o la prestazione richiesta e non sono comunicate a terzi.<\/p>\n<p><strong>3. Tipologia di dati trattati<br \/>\n<\/strong><br \/>\n<strong>3.1 Dati di navigazione<br \/>\n<\/strong>I sistemi informatici e le procedure software preposte al funzionamento di questo sito web acquisiscono, nel corso del loro normale esercizio, alcuni dati personali la cui trasmissione \u00e8 implicita nell\u2019uso dei protocolli di comunicazione di Internet.<br \/>\nSi tratta di informazioni che non sono raccolte per essere associate a interessati identificati, ma che per loro stessa natura potrebbero, attraverso elaborazioni ed associazioni con dati detenuti da terzi, permettere di identificare gli utenti.<br \/>\nIn questa categoria di dati rientrano gli indirizzi IP o i nomi a dominio dei computer utilizzati dagli utenti che si connettono al sito, gli indirizzi in notazione URI (Uniform Resource Identifier) delle risorse richieste, l\u2019orario della richiesta, il metodo utilizzato nel sottoporre la richiesta al server, la dimensione del file ottenuto in risposta, il codice numerico indicante lo stato della risposta data dal server (buon fine, errore, ecc.) ed altri parametri relativi al sistema operativo e all\u2019ambiente informatico dell\u2019utente.<br \/>\nQuesti dati vengono utilizzati al solo fine di ricavare informazioni statistiche anonime sull\u2019uso del sito e per controllarne il corretto funzionamento e vengono cancellati immediatamente dopo l\u2019elaborazione. I dati potrebbero essere utilizzati per l\u2019accertamento di responsabilit\u00e0 in caso di ipotetici reati informatici ai danni del sito: salva questa eventualit\u00e0, allo stato i dati sui contatti web non persistono per pi\u00f9 di sette giorni.<\/p>\n<p><strong>3.2 Dati forniti volontariamente dall\u2019utente<br \/>\n<\/strong>L\u2019invio facoltativo, esplicito e volontario di posta elettronica agli indirizzi indicati su questo sito, anche attraverso la compilazione di specifici form, comporta la successiva acquisizione dell\u2019indirizzo del mittente, necessario per rispondere alle richieste, nonch\u00e9 degli eventuali altri dati personali inseriti nella missiva.<\/p>\n<p>I dati verranno essenzialmente trattati per le seguenti, specifiche, finalit\u00e0:<\/p>\n<p>1.\tRichieste d\u2019informazioni sui servizi erogati e prodotti\/soluzioni commercializzate direttamente da Bano Recycling s.r.l.;<br \/>\n2.\tSegnalazioni di qualsiasi genere, inviate anche attraverso Form di contatto;<br \/>\n3.\tInvio d\u2019informazioni e\/o dati personali ai fini di definizione di una collaborazione professionale;<\/p>\n<p>Specifiche informative di sintesi verranno progressivamente riportate o visualizzate nelle pagine del sito predisposte per particolari servizi a richiesta.<\/p>\n<p><strong>3.2.1 Cookies, plugins e servizi di interazione con piattaforme esterne<br \/>\n<\/strong>Informativa completa sull\u2019uso dei cookies e dei servizi di interazione con le piattaforme (es. Social Networks) esterne da parte di questo sito \u00e8 disponibile al seguente link:<\/p>\n<p>Cookie Policy del sito www.shredder-bano.com (https:\/\/www.shredder-bano.com\/it\/cookie-policy\/)<\/p>\n<p><strong>4. Facoltativit\u00e0 del conferimento dei dati<br \/>\n<\/strong>A parte quanto specificato per i dati di navigazione, l\u2019utente \u00e8 libero di fornire i dati personali riportati nei moduli di richiesta o comunque indicati in contatti per sollecitare l\u2019invio della newsletter, di materiale informativo o di altre comunicazioni.<br \/>\nIl loro mancato conferimento pu\u00f2 comportare l\u2019impossibilit\u00e0 di ottenere quanto richiesto.<\/p>\n<p><strong>5. Modalit\u00e0 del trattamento<br \/>\n<\/strong>I dati personali sono trattati con strumenti automatizzati per il tempo strettamente necessario a conseguire gli scopi per cui sono stati raccolti.<br \/>\nSpecifiche misure di sicurezza sono osservate per prevenire la perdita dei dati, usi illeciti o non corretti ed accessi non autorizzati.<\/p>\n<p><strong>6. Trasferimento delle tue informazioni all\u2019estero<br \/>\n<\/strong>I dati personali forniti, immessi tramite questo o altri siti web, potranno essere trasferite ad altri paesi da noi o da nostri agenti allo scopo di assolvere agli obblighi contrattuali e dagli adempimenti obbligatori di comunicazione intra-gruppo e\/o franchising, nel pieno rispetto degli art. dal 44 e s.s. del GDPR 2016\/679 o per motivi esclusivamente tecnici legati alla struttura del Sistema Informativo aziendale e\/o all\u2019applicazione di misure di sicurezza tecniche e organizzative ritenute idonee dal Titolare (cit. art. 32 GDPR 2016\/679) .<\/p>\n<p><strong>7. Diritti degli interessati<br \/>\n<\/strong>I soggetti cui si riferiscono i dati personali hanno il diritto in qualunque momento di ottenere la conferma dell\u2019esistenza o meno dei medesimi dati e di conoscerne il contenuto e l\u2019origine, verificarne l\u2019esattezza o chiederne l\u2019integrazione o l\u2019aggiornamento, oppure la rettificazione (artt. 15-22 GDPR 2016\/679 e normativa nazionale vigente).<\/p>\n<p><strong>8. Diritto di Reclamo<br \/>\n<\/strong>Gli interessati che ritengono che il trattamento dei dati personali a loro riferiti effettuato attraverso questo sito avvenga in violazione di quanto previsto dal GDPR 2016\/679 hanno il diritto di proporre reclamo all\u2019Istituto Bano Recycling s.r.l., come previsto dall\u2019art. 77 del GDPR 2016\/679 stesso, o di adire le opportune sedi giudiziarie (art. 79 del GDPR 2016\/679).<\/p>\n<p><strong>9. Riferimenti legali<br \/>\n<\/strong>Avviso agli Utenti europei: la presente informativa privacy \u00e8 redatta in adempimento degli obblighi previsti degli artt. 13 e 14 del GDPR 2016\/679, nonch\u00e9 a quanto previsto dalla Direttiva 2002\/58\/CE, come aggiornata dalla Direttiva 2009\/136\/CE, in materia di Cookie. Questa informativa privacy riguarda esclusivamente questo sito web.<\/p>\n<p><strong>10. Tempi di conservazione dei dati:<br \/>\n<\/strong>I dati forniti verranno conservati presso i nostri archivi secondo i seguenti parametri:<br \/>\n&#8211; Per gli eventuali dati forniti volontariamente: fino all\u2019evasione del servizio (\u201cprincipio di limitazione della conservazione\u201d, art.5 del Regolamento UE 2016\/679) o in base alle scadenze previste dalle norme di Legge. La verifica sulla obsolescenza dei dati conservati in relazione alle finalit\u00e0 per cui sono stati raccolti viene effettuata periodicamente.<\/p>\n<p><strong>11. Per maggiori informazioni puoi contattare il Titolare del trattamento:<br \/>\n<\/strong><br \/>\nBano Recycling s.r.l.<br \/>\nvia Marcello, 24 \u2013 35011 Campodarsego<br \/>\nPadova \u2013 Italy<br \/>\nPhone: (+39) 049 9200757<br \/>\nFax: (+39) 049 9200172<br \/>\nP.IVA 03665010280<br \/>\nemail: amministrazione@banoeco.com<\/p>\n<\/div><div class=\"auto-format ui--animation\"><p><strong>AVVERTENZE SU DIRITTI D\u2019AUTORE E MARCHI REGISTRATI<\/strong><\/p>\n<p>L\u2019intero contenuto di questo sito Web \u00e8 tutelato da diritti d\u2019autore (copyright \u00a9) 2019 di Bano Recycling s.r.l. o dei suoi fornitori. Tutti i diritti sono riservati ai titolari ai sensi di legge.<\/p>\n<p>Ai sensi dell\u2019art. 1, comma 1 del decreto-legge 22 marzo 2004, n. 72, come modificato dalla legge di conversione 21 maggio 2004 n. 128 le opere presenti su questo sito hanno assolto gli obblighi derivanti dalla normativa sul diritto d\u2019autore e sui diritti connessi.<br \/>\nLa riproduzione, la comunicazione al pubblico, la messa a disposizione del pubblico, il noleggio e il prestito, la pubblica esecuzione e la diffusione senza l\u2019autorizzazione del titolare dei diritti \u00e8 vietata.<br \/>\nAlle violazioni si applicano le sanzioni previste dagli art. 171, 171-bis, 171-ter, 174-bis e 174-ter della legge 633\/1941.<br \/>\nAi sensi dell\u2019art. 5 della legge 22 aprile 1941 n. 633 sulla protezione del diritto d\u2019autore, i testi degli atti ufficiali dello Stato e delle amministrazioni pubbliche, sia italiane che straniere, non sono coperti da diritti d\u2019autore.<br \/>\nIl copyright indicato si riferisce all\u2019elaborazione e alla forma di presentazione dei testi stessi.<\/p>\n<p><strong>Asserite violazioni di diritto d\u2019autore<\/strong><br \/>\nTali comunicazioni dovranno essere presentate in forma scritta e inviate al rappresentante incaricato della Bano Recycling s.r.l. al seguente indirizzo, numero di fax o indirizzo di posta elettronica:<\/p>\n<p>Bano Recycling s.r.l.<br \/>\nvia Antoniana, 10 \u2013 35011 Campodarsego<br \/>\nPadova \u2013 Italy<br \/>\nFax: (+39) 049 9200172<br \/>\nemail: amministrazione@banoeco.com<\/p>\n<\/div>","protected":false},"excerpt":{"rendered":"<p>Informativa privacy DATI SOCIETARI Bano Recycling s.r.l. via Antoniana, 10 \u2013 35011 Campodarsego Padova \u2013 Italy Phone: (+39) 049 9200757 Fax: (+39) 049 9200172 P.IVA 03665010280 INFORMATIVE E CONSENSI AZIENDALI Informativa aziendale &#8211; CLIENTI Informativa aziendale &#8211; FORNITORI Cookie Policy del sito www.shredder-bano.com PRIVACY POLICY In questa pagina si descrivono le modalit\u00e0 di gestione del [&hellip;]<\/p>\n","protected":false},"author":1,"featured_media":0,"parent":0,"menu_order":0,"comment_status":"closed","ping_status":"closed","template":"","meta":{"footnotes":""},"class_list":["post-2121","page","type-page","status-publish","hentry"],"yoast_head":"<!-- This site is optimized with the Yoast SEO plugin v25.3.1 - https:\/\/yoast.com\/wordpress\/plugins\/seo\/ -->\n<title>Informativa Privacy - BANO RECYCLING<\/title>\n<meta name=\"robots\" content=\"index, follow, max-snippet:-1, max-image-preview:large, max-video-preview:-1\" \/>\n<link rel=\"canonical\" href=\"https:\/\/www.shredder-bano.com\/it\/privacy\/\" \/>\n<meta property=\"og:locale\" content=\"it_IT\" \/>\n<meta property=\"og:type\" content=\"article\" \/>\n<meta property=\"og:title\" content=\"Informativa Privacy - BANO RECYCLING\" \/>\n<meta property=\"og:description\" content=\"Informativa privacy DATI SOCIETARI Bano Recycling s.r.l. via Antoniana, 10 \u2013 35011 Campodarsego Padova \u2013 Italy Phone: (+39) 049 9200757 Fax: (+39) 049 9200172 P.IVA 03665010280 INFORMATIVE E CONSENSI AZIENDALI Informativa aziendale &#8211; CLIENTI Informativa aziendale &#8211; FORNITORI Cookie Policy del sito www.shredder-bano.com PRIVACY POLICY In questa pagina si descrivono le modalit\u00e0 di gestione del [&hellip;]\" \/>\n<meta property=\"og:url\" content=\"https:\/\/www.shredder-bano.com\/it\/privacy\/\" \/>\n<meta property=\"og:site_name\" content=\"BANO RECYCLING\" \/>\n<meta property=\"article:publisher\" content=\"https:\/\/www.facebook.com\/BanoRecycling\" \/>\n<meta property=\"article:modified_time\" content=\"2024-03-16T08:42:02+00:00\" \/>\n<meta name=\"twitter:card\" content=\"summary_large_image\" \/>\n<meta name=\"twitter:label1\" content=\"Tempo di lettura stimato\" \/>\n\t<meta name=\"twitter:data1\" content=\"8 minuti\" \/>\n<script type=\"application\/ld+json\" class=\"yoast-schema-graph\">{\"@context\":\"https:\/\/schema.org\",\"@graph\":[{\"@type\":\"WebPage\",\"@id\":\"https:\/\/www.shredder-bano.com\/it\/privacy\/\",\"url\":\"https:\/\/www.shredder-bano.com\/it\/privacy\/\",\"name\":\"Informativa Privacy - BANO RECYCLING\",\"isPartOf\":{\"@id\":\"https:\/\/www.shredder-bano.com\/it\/#website\"},\"datePublished\":\"2018-04-14T07:28:38+00:00\",\"dateModified\":\"2024-03-16T08:42:02+00:00\",\"breadcrumb\":{\"@id\":\"https:\/\/www.shredder-bano.com\/it\/privacy\/#breadcrumb\"},\"inLanguage\":\"it-IT\",\"potentialAction\":[{\"@type\":\"ReadAction\",\"target\":[\"https:\/\/www.shredder-bano.com\/it\/privacy\/\"]}]},{\"@type\":\"BreadcrumbList\",\"@id\":\"https:\/\/www.shredder-bano.com\/it\/privacy\/#breadcrumb\",\"itemListElement\":[{\"@type\":\"ListItem\",\"position\":1,\"name\":\"Home\",\"item\":\"https:\/\/www.shredder-bano.com\/it\/\"},{\"@type\":\"ListItem\",\"position\":2,\"name\":\"Informativa Privacy\"}]},{\"@type\":\"WebSite\",\"@id\":\"https:\/\/www.shredder-bano.com\/it\/#website\",\"url\":\"https:\/\/www.shredder-bano.com\/it\/\",\"name\":\"BANO RECYCLING\",\"description\":\"Innovative solutions for recycling\",\"publisher\":{\"@id\":\"https:\/\/www.shredder-bano.com\/it\/#organization\"},\"potentialAction\":[{\"@type\":\"SearchAction\",\"target\":{\"@type\":\"EntryPoint\",\"urlTemplate\":\"https:\/\/www.shredder-bano.com\/it\/?s={search_term_string}\"},\"query-input\":{\"@type\":\"PropertyValueSpecification\",\"valueRequired\":true,\"valueName\":\"search_term_string\"}}],\"inLanguage\":\"it-IT\"},{\"@type\":\"Organization\",\"@id\":\"https:\/\/www.shredder-bano.com\/it\/#organization\",\"name\":\"Bano Recycling s.r.l.\",\"url\":\"https:\/\/www.shredder-bano.com\/it\/\",\"logo\":{\"@type\":\"ImageObject\",\"inLanguage\":\"it-IT\",\"@id\":\"https:\/\/www.shredder-bano.com\/it\/#\/schema\/logo\/image\/\",\"url\":\"https:\/\/www.shredder-bano.com\/it\/wp-content\/uploads\/2018\/02\/logo_bano_no_claim.png\",\"contentUrl\":\"https:\/\/www.shredder-bano.com\/it\/wp-content\/uploads\/2018\/02\/logo_bano_no_claim.png\",\"width\":285,\"height\":91,\"caption\":\"Bano Recycling s.r.l.\"},\"image\":{\"@id\":\"https:\/\/www.shredder-bano.com\/it\/#\/schema\/logo\/image\/\"},\"sameAs\":[\"https:\/\/www.facebook.com\/BanoRecycling\",\"https:\/\/www.youtube.com\/user\/BanoRecycling\/featured\"]}]}<\/script>\n<!-- \/ Yoast SEO plugin. -->","yoast_head_json":{"title":"Informativa Privacy - BANO RECYCLING","robots":{"index":"index","follow":"follow","max-snippet":"max-snippet:-1","max-image-preview":"max-image-preview:large","max-video-preview":"max-video-preview:-1"},"canonical":"https:\/\/www.shredder-bano.com\/it\/privacy\/","og_locale":"it_IT","og_type":"article","og_title":"Informativa Privacy - BANO RECYCLING","og_description":"Informativa privacy DATI SOCIETARI Bano Recycling s.r.l. via Antoniana, 10 \u2013 35011 Campodarsego Padova \u2013 Italy Phone: (+39) 049 9200757 Fax: (+39) 049 9200172 P.IVA 03665010280 INFORMATIVE E CONSENSI AZIENDALI Informativa aziendale &#8211; CLIENTI Informativa aziendale &#8211; FORNITORI Cookie Policy del sito www.shredder-bano.com PRIVACY POLICY In questa pagina si descrivono le modalit\u00e0 di gestione del [&hellip;]","og_url":"https:\/\/www.shredder-bano.com\/it\/privacy\/","og_site_name":"BANO RECYCLING","article_publisher":"https:\/\/www.facebook.com\/BanoRecycling","article_modified_time":"2024-03-16T08:42:02+00:00","twitter_card":"summary_large_image","twitter_misc":{"Tempo di lettura stimato":"8 minuti"},"schema":{"@context":"https:\/\/schema.org","@graph":[{"@type":"WebPage","@id":"https:\/\/www.shredder-bano.com\/it\/privacy\/","url":"https:\/\/www.shredder-bano.com\/it\/privacy\/","name":"Informativa Privacy - BANO RECYCLING","isPartOf":{"@id":"https:\/\/www.shredder-bano.com\/it\/#website"},"datePublished":"2018-04-14T07:28:38+00:00","dateModified":"2024-03-16T08:42:02+00:00","breadcrumb":{"@id":"https:\/\/www.shredder-bano.com\/it\/privacy\/#breadcrumb"},"inLanguage":"it-IT","potentialAction":[{"@type":"ReadAction","target":["https:\/\/www.shredder-bano.com\/it\/privacy\/"]}]},{"@type":"BreadcrumbList","@id":"https:\/\/www.shredder-bano.com\/it\/privacy\/#breadcrumb","itemListElement":[{"@type":"ListItem","position":1,"name":"Home","item":"https:\/\/www.shredder-bano.com\/it\/"},{"@type":"ListItem","position":2,"name":"Informativa Privacy"}]},{"@type":"WebSite","@id":"https:\/\/www.shredder-bano.com\/it\/#website","url":"https:\/\/www.shredder-bano.com\/it\/","name":"BANO RECYCLING","description":"Innovative solutions for recycling","publisher":{"@id":"https:\/\/www.shredder-bano.com\/it\/#organization"},"potentialAction":[{"@type":"SearchAction","target":{"@type":"EntryPoint","urlTemplate":"https:\/\/www.shredder-bano.com\/it\/?s={search_term_string}"},"query-input":{"@type":"PropertyValueSpecification","valueRequired":true,"valueName":"search_term_string"}}],"inLanguage":"it-IT"},{"@type":"Organization","@id":"https:\/\/www.shredder-bano.com\/it\/#organization","name":"Bano Recycling s.r.l.","url":"https:\/\/www.shredder-bano.com\/it\/","logo":{"@type":"ImageObject","inLanguage":"it-IT","@id":"https:\/\/www.shredder-bano.com\/it\/#\/schema\/logo\/image\/","url":"https:\/\/www.shredder-bano.com\/it\/wp-content\/uploads\/2018\/02\/logo_bano_no_claim.png","contentUrl":"https:\/\/www.shredder-bano.com\/it\/wp-content\/uploads\/2018\/02\/logo_bano_no_claim.png","width":285,"height":91,"caption":"Bano Recycling s.r.l."},"image":{"@id":"https:\/\/www.shredder-bano.com\/it\/#\/schema\/logo\/image\/"},"sameAs":["https:\/\/www.facebook.com\/BanoRecycling","https:\/\/www.youtube.com\/user\/BanoRecycling\/featured"]}]}},"_links":{"self":[{"href":"https:\/\/www.shredder-bano.com\/it\/wp-json\/wp\/v2\/pages\/2121"}],"collection":[{"href":"https:\/\/www.shredder-bano.com\/it\/wp-json\/wp\/v2\/pages"}],"about":[{"href":"https:\/\/www.shredder-bano.com\/it\/wp-json\/wp\/v2\/types\/page"}],"author":[{"embeddable":true,"href":"https:\/\/www.shredder-bano.com\/it\/wp-json\/wp\/v2\/users\/1"}],"replies":[{"embeddable":true,"href":"https:\/\/www.shredder-bano.com\/it\/wp-json\/wp\/v2\/comments?post=2121"}],"version-history":[{"count":11,"href":"https:\/\/www.shredder-bano.com\/it\/wp-json\/wp\/v2\/pages\/2121\/revisions"}],"predecessor-version":[{"id":2562,"href":"https:\/\/www.shredder-bano.com\/it\/wp-json\/wp\/v2\/pages\/2121\/revisions\/2562"}],"wp:attachment":[{"href":"https:\/\/www.shredder-bano.com\/it\/wp-json\/wp\/v2\/media?parent=2121"}],"curies":[{"name":"wp","href":"https:\/\/api.w.org\/{rel}","templated":true}]}}