{"id":1727,"date":"2018-02-16T08:36:48","date_gmt":"2018-02-16T08:36:48","guid":{"rendered":"https:\/\/www.shredder-bano.com\/it\/?page_id=1727"},"modified":"2022-06-22T08:29:29","modified_gmt":"2022-06-22T08:29:29","slug":"bano-recycling-test-center","status":"publish","type":"page","link":"https:\/\/www.shredder-bano.com\/it\/bano-recycling-test-center\/","title":{"rendered":"Centro prove di riciclo"},"content":{"rendered":"<div  class=\"ui--space clearfix\" data-responsive=\"{&quot;css&quot;:{&quot;height&quot;:{&quot;phone&quot;:null,&quot;tablet&quot;:null,&quot;widescreen&quot;:null}}}\"><\/div><div class=\"ui-row row\">\n <div   class=\"ui-column span9\"><div  class=\"ui--space clearfix\" style=\"height: 10px;\" data-responsive=\"{&quot;css&quot;:{&quot;height&quot;:{&quot;phone&quot;:null,&quot;tablet&quot;:null,&quot;widescreen&quot;:&quot;10px&quot;}}}\"><\/div>\n\t\t\t<script type=\"text\/javascript\">\n\t\t\t\/\/ <![CDATA[\n\t\t\t\tjQuery(document).ready(function(){\n\t\t\t\t\t\"use strict\";\n\n\t\t\t\t\tjQuery(\"#flex-slider-srlg .slides > li:eq(0) > img\").imagesLoaded(function(){\n\n\t\t\t\t\t\tCloudFwLoaded(jQuery(\"#flex-slider-srlg\").parents(\".flexslider-wrapper\").first());\n\t\t\t\t\t\tjQuery(\"#flex-slider-srlg\").flexslider({\n\t\t\t\t\t\t\tslideshow: true, slideshowSpeed: 5000,\n\t\t\t\t\t\t\tanimationDuration: 500,\n\t\t\t\t\t\t\tanimation: \"fade\",\n\t\t\t\t\t\t\tslideDirection: \"horizontal\",\n\t\t\t\t\t\t\tcontrolNav: true,\n\t\t\t\t\t\t\tsmoothHeight: true,\n\t\t\t\t\t\t\tdirectionNav: false,\n\t\t\t\t\t\t\tkeyboardNav: true,\n\t\t\t\t\t\t\tmousewheel: false,\n\t\t\t\t\t\t\tpauseOnAction: true,\n\t\t\t\t\t\t\tpauseOnHover: false,\n\t\t\t\t\t\t\tstart: function(){\n\t\t\t\t\t\t\t\tjQuery(window).trigger(\"resize\");\n\t\t\t\t\t\t\t},\n\t\t\t\t\t\t\tafter: function(){\n\t\t\t\t\t\t\t\tjQuery(window).trigger(\"resize\");\n\t\t\t\t\t\t\t}\n\t\t\t\t\t\t});\n\n\t\t\t\t\t});\n\n\t\t\t\t });\n\t\t\t\/\/ ]]>\n\t\t\t<\/script>\n\n\t\t\t\n\t\t\t<div class=\"flexslider-wrapper ui--loading clearfix\">\n\t\t\t\t<div class=\"flexslider-relative clearfix\">\n\t\t\t\t\t<div id=\"flex-slider-srlg\" class=\"flexslider clearfix pagination-on direction--horizontal\"><ul class=\"slides\"><li><img decoding=\"async\" src=\"https:\/\/www.shredder-bano.com\/it\/wp-content\/uploads\/2018\/02\/slide_test_center_3-980x490.jpg\" alt=\"\"\/><\/li><li><img decoding=\"async\" src=\"https:\/\/www.shredder-bano.com\/it\/wp-content\/uploads\/2018\/02\/slide_test_center_2-980x490.jpg\" alt=\"\"\/><\/li><li><img decoding=\"async\" src=\"https:\/\/www.shredder-bano.com\/it\/wp-content\/uploads\/2018\/02\/slide_test_center_1-980x490.jpg\" alt=\"\"\/><\/li><\/ul><\/div><!-- \/.flexslider --><\/div><!-- \/.flexslider-relative -->\n\t\t\t<\/div>\n\t\t\t\n\t\t<div class=\"ui--loading-progress clearfix\">\n\t\t\t<i class=\"fontawesome-spinner fontawesome-spin fontawesome-large\"><\/i>\n\t\t<\/div>\n\t<div  class=\"ui--space clearfix\" style=\"height: 20px;\" data-responsive=\"{&quot;css&quot;:{&quot;height&quot;:{&quot;phone&quot;:null,&quot;tablet&quot;:null,&quot;widescreen&quot;:&quot;20px&quot;}}}\"><\/div><h1 id=\"custom-title-h1-1\" class=\"ui--animation \" style=\"\">Bano inaugura il pi\u00f9 grande Centro prove di riciclo in Italia<\/h1><div class=\"auto-format ui--animation\"><p><strong>Bano<\/strong> ha inaugurato un nuovo<strong> Centro prove di riciclo<\/strong> nel suo quartier generale. Il Centro prove permetter\u00e0 ai clienti di provare i macchinari con i propri materiali, e decidere qual \u00e8 la combinazione che si adatta meglio alle loro esigenze produttive.<br \/>\nIl nuovo centro di riciclo \u00e8 stato progettato per offrire l\u2019intera gamma di prodotti Bano, inclusi il trituratore monoalbero a coppia elevata e bassa velocit\u00e0, il nuovo mulino verticale e le attrezzature per la separazione, vagliatura e trasporto metalli.<\/p>\n<p>\u00c8 possibile testare rifiuti voluminosi di qualsiasi materiale, sia grezzo che fine, anche in grandi quantit\u00e0. Durante i test con i clienti, \u00e8 possibile esplorare e sviluppare soluzioni alternative o processi di trasformazione innovativi.<br \/>\nQuesto importante investimento mostra ancora una volta la nostra costante spinta verso la ricerca di soluzioni innovative che, unita alla possibilit\u00e0 di personalizzare i prodotti, rappresenta l&#8217;essenza del successo dell&#8217;azienda.<\/p>\n<\/div><div  class=\"ui--space clearfix\" style=\"height: 20px;\" data-responsive=\"{&quot;css&quot;:{&quot;height&quot;:{&quot;phone&quot;:null,&quot;tablet&quot;:null,&quot;widescreen&quot;:&quot;20px&quot;}}}\"><\/div>\n<div class=\"wpcf7 no-js\" id=\"wpcf7-f1297-o1\" lang=\"it-IT\" dir=\"ltr\">\n<div class=\"screen-reader-response\"><p role=\"status\" aria-live=\"polite\" aria-atomic=\"true\"><\/p> <ul><\/ul><\/div>\n<form action=\"\/it\/wp-json\/wp\/v2\/pages\/1727#wpcf7-f1297-o1\" method=\"post\" class=\"wpcf7-form init\" aria-label=\"Modulo di contatto\" enctype=\"multipart\/form-data\" novalidate=\"novalidate\" data-status=\"init\">\n<div style=\"display: none;\">\n<input type=\"hidden\" name=\"_wpcf7\" value=\"1297\" \/>\n<input type=\"hidden\" name=\"_wpcf7_version\" value=\"5.9.8\" \/>\n<input type=\"hidden\" name=\"_wpcf7_locale\" value=\"it_IT\" \/>\n<input type=\"hidden\" name=\"_wpcf7_unit_tag\" value=\"wpcf7-f1297-o1\" \/>\n<input type=\"hidden\" name=\"_wpcf7_container_post\" value=\"0\" \/>\n<input type=\"hidden\" name=\"_wpcf7_posted_data_hash\" value=\"\" \/>\n<input type=\"hidden\" name=\"_wpcf7_recaptcha_response\" value=\"\" \/>\n<\/div>\n<p><label> Nome (dato richiesto)<br \/>\n<span class=\"wpcf7-form-control-wrap\" data-name=\"your-name\"><input size=\"40\" maxlength=\"400\" class=\"wpcf7-form-control wpcf7-text wpcf7-validates-as-required\" aria-required=\"true\" aria-invalid=\"false\" value=\"\" type=\"text\" name=\"your-name\" \/><\/span> <\/label>\n<\/p>\n<p><label> Mail (dato richiesto)<br \/>\n<span class=\"wpcf7-form-control-wrap\" data-name=\"your-email\"><input size=\"40\" maxlength=\"400\" class=\"wpcf7-form-control wpcf7-email wpcf7-validates-as-required wpcf7-text wpcf7-validates-as-email\" aria-required=\"true\" aria-invalid=\"false\" value=\"\" type=\"email\" name=\"your-email\" \/><\/span> <\/label>\n<\/p>\n<p><label> Telefono (dato richiesto)<br \/>\n<span class=\"wpcf7-form-control-wrap\" data-name=\"tel-401\"><input size=\"40\" maxlength=\"400\" class=\"wpcf7-form-control wpcf7-tel wpcf7-validates-as-required wpcf7-text wpcf7-validates-as-tel\" aria-required=\"true\" aria-invalid=\"false\" value=\"\" type=\"tel\" name=\"tel-401\" \/><\/span> <\/label>\n<\/p>\n<p><label> Soggetto<br \/>\n<span class=\"wpcf7-form-control-wrap\" data-name=\"your-subject\"><input size=\"40\" maxlength=\"400\" class=\"wpcf7-form-control wpcf7-text\" aria-invalid=\"false\" value=\"\" type=\"text\" name=\"your-subject\" \/><\/span> <\/label>\n<\/p>\n<p><label> Messaggio<br \/>\n<span class=\"wpcf7-form-control-wrap\" data-name=\"your-message\"><textarea cols=\"40\" rows=\"10\" maxlength=\"2000\" class=\"wpcf7-form-control wpcf7-textarea\" aria-invalid=\"false\" name=\"your-message\"><\/textarea><\/span> <\/label>\n<\/p>\n<p>_________________________________\n<\/p>\n<p><label>Allega file<br \/>\n<span class=\"wpcf7-form-control-wrap\" data-name=\"allegato\"><input size=\"40\" class=\"wpcf7-form-control wpcf7-file\" accept=\".pdf,.txt,.jpg\" aria-invalid=\"false\" type=\"file\" name=\"allegato\" \/><\/span><\/label><br \/>\n_________________________________\n<\/p>\n<p><input class=\"wpcf7-form-control wpcf7-submit has-spinner\" type=\"submit\" value=\"Invia\" \/>\n<\/p>\n<p><label> <span class=\"wpcf7-form-control-wrap\" data-name=\"acceptance-639\"><span class=\"wpcf7-form-control wpcf7-acceptance\"><span class=\"wpcf7-list-item\"><label><input type=\"checkbox\" name=\"acceptance-639\" value=\"1\" aria-invalid=\"false\" \/><span class=\"wpcf7-list-item-label\">Dichiaro di aver letto e compreso l'informativa sul trattamento dei dati personali, disponibile alla pagina <a href=\"https:\/\/www.shredder-bano.com\/it\/privacy\/\" target=\"_blank\">privacy policy <\/a><\/span><\/label><\/span><\/span><\/span><br \/>\n<\/label>\n<\/p><div class=\"wpcf7-response-output\" aria-hidden=\"true\"><\/div>\n<\/form>\n<\/div><\/div> \n\n <div   class=\"ui-column span3\"><div id=\"nav_menu-3\" class=\"widget widget_nav_menu\"><h4 class=\"sidebar-widget-title ui--widget-title\"><span>Trova nel sito<\/span><\/h4><div class=\"menu-menu_sidebar-container\"><ul id=\"menu-menu_sidebar\" class=\"menu\"><li id=\"menu-item-1440\" class=\"menu-item menu-item-type-post_type menu-item-object-page menu-item-home menu-item-1440\"><a href=\"https:\/\/www.shredder-bano.com\/it\/\">Home<\/a><\/li>\n<li id=\"menu-item-1886\" class=\"menu-item menu-item-type-post_type menu-item-object-page menu-item-1886\"><a href=\"https:\/\/www.shredder-bano.com\/it\/bano-recycling-test-center\/\">Test Center<\/a><\/li>\n<li id=\"menu-item-2388\" class=\"menu-item menu-item-type-post_type menu-item-object-page menu-item-2388\"><a href=\"https:\/\/www.shredder-bano.com\/it\/youtube-playlist\/\">Video<\/a><\/li>\n<li id=\"menu-item-1888\" class=\"menu-item menu-item-type-post_type menu-item-object-page menu-item-1888\"><a href=\"https:\/\/www.shredder-bano.com\/it\/contatti\/\">Contattaci<\/a><\/li>\n<li id=\"menu-item-2423\" class=\"menu-item menu-item-type-post_type menu-item-object-page menu-item-2423\"><a href=\"https:\/\/www.shredder-bano.com\/it\/modulo-di-richiesta-ricambi\/\">Ricambi<\/a><\/li>\n<li id=\"menu-item-2422\" class=\"menu-item menu-item-type-post_type menu-item-object-page menu-item-2422\"><a href=\"https:\/\/www.shredder-bano.com\/it\/modulo-di-richiesta-assistenza\/\">Assistenza<\/a><\/li>\n<li id=\"menu-item-2270\" class=\"menu-item menu-item-type-post_type menu-item-object-page menu-item-2270\"><a href=\"https:\/\/www.shredder-bano.com\/it\/download\/\">Download<\/a><\/li>\n<li id=\"menu-item-2135\" class=\"menu-item menu-item-type-post_type menu-item-object-page menu-item-privacy-policy menu-item-2135\"><a rel=\"privacy-policy\" href=\"https:\/\/www.shredder-bano.com\/it\/privacy\/\">Informativa Privacy<\/a><\/li>\n<li id=\"menu-item-2136\" class=\"menu-item menu-item-type-post_type menu-item-object-page menu-item-2136\"><a href=\"https:\/\/www.shredder-bano.com\/it\/cookie-policy\/\">Cookie policy<\/a><\/li>\n<\/ul><\/div><\/div><div id=\"search-2\" class=\"widget widget_search\"><form class=\"searchform\" action=\"https:\/\/www.shredder-bano.com\/it\/\" method=\"get\">\n\t<input type=\"text\" name=\"s\" value=\"\" placeholder=\"Cerca\" \/>\n\t<button type=\"submit\" class=\"btn btn-primary btn-small\">Cerca<\/button>\n<\/form><\/div><\/div> \n\n<\/div> \n<div  class=\"ui--space clearfix\" data-responsive=\"{&quot;css&quot;:{&quot;height&quot;:{&quot;phone&quot;:null,&quot;tablet&quot;:null,&quot;widescreen&quot;:null}}}\"><\/div><div  id=\"section-zesxb\" class=\"fullwidth-content ui--section clearfix inner-shadow-1 section-zesxb color--dark\" style=\"margin-bottom: -15px;\"><div  class=\"ui--section-content inner-shadow-1\"><div class=\"container\"><div class=\"ui-row row\">\n <div   class=\"ui-column span9\"><h4 id=\"custom-title-h4-1\" class=\"ui--animation \" style=\"text-align: center; margin-top: -5px; \">Video<\/h4><div id=\"blog-1\" class=\"ui--blog ui--blog-wrapper ui--pass\" data-layout=\"grid\" data-columns=\"1\" style=\"margin-top: 15px;\"><div class=\"ui--carousel clearfix\" data-options=\"{&quot;effect&quot;:&quot;slide&quot;,&quot;auto_rotate&quot;:&quot;0&quot;,&quot;animation_loop&quot;:&quot;FALSE&quot;,&quot;arrows&quot;:true,&quot;rotate_time&quot;:0,&quot;animate&quot;:true}\"><div class=\"slides\"><div class=\"ui-row row\">\n <div   class=\"ui-column span12\"><div  class=\"ui--content-box ui--box ui--content-item ui--animation ui-row\"><div class=\"ui--content-box-header\"><div class=\"ui--content-box-media effect--fade type--default clearfix\" style=\"padding-bottom: 56.25%;\"><a class=\"ui--content-box-link\" href=\"https:\/\/www.shredder-bano.com\/it\/bano-test-center\/\"><div class=\"ui--content-box-image-default\"><img decoding=\"async\"  class=\"ui--content-box-image\" src=\"https:\/\/www.shredder-bano.com\/it\/wp-content\/uploads\/2018\/02\/Bano-Test-Center-1024x576-959x540.jpg\" alt=\"\" title=\"\"\/><\/div><div class=\"ui--content-box-overlay\"><div class=\"ui--content-box-overlay-background\"><\/div><div class=\"center\"><span class=\"btn btn-grey ui--center-vertical\"><span class=\"ui--content-box-overlay-button-text\">Read More<\/span><\/span><\/div><\/div><\/a><\/div><a class=\"ui--content-box-link\" href=\"https:\/\/www.shredder-bano.com\/it\/bano-test-center\/\"><div class=\"ui--content-box-title ui--gradient ui--gradient-grey on--hover clearfix text-center\"><h5 class=\"ui--content-box-title-text\">Bano Test Center<\/h5><\/div><\/a><\/div><\/div><\/div> \n\n<\/div> \n<\/div><\/div><\/div><\/div> \n\n<\/div> \n<\/div><\/div><\/div><!-- \/.fullwidth-container -->","protected":false},"excerpt":{"rendered":"<p>Bano inaugura il pi\u00f9 grande Centro prove di riciclo in ItaliaBano ha inaugurato un nuovo Centro prove di riciclo nel suo quartier generale. Il Centro prove permetter\u00e0 ai clienti di provare i macchinari con i propri materiali, e decidere qual \u00e8 la combinazione che si adatta meglio alle loro esigenze produttive. Il nuovo centro di [&hellip;]<\/p>\n","protected":false},"author":1,"featured_media":0,"parent":0,"menu_order":0,"comment_status":"closed","ping_status":"closed","template":"","meta":{"footnotes":""},"class_list":["post-1727","page","type-page","status-publish","hentry"],"yoast_head":"<!-- This site is optimized with the Yoast SEO plugin v25.3.1 - https:\/\/yoast.com\/wordpress\/plugins\/seo\/ -->\n<title>Centro prove di riciclo - BANO RECYCLING<\/title>\n<meta name=\"robots\" content=\"index, follow, max-snippet:-1, max-image-preview:large, max-video-preview:-1\" \/>\n<link rel=\"canonical\" href=\"https:\/\/www.shredder-bano.com\/it\/bano-recycling-test-center\/\" \/>\n<meta property=\"og:locale\" content=\"it_IT\" \/>\n<meta property=\"og:type\" content=\"article\" \/>\n<meta property=\"og:title\" content=\"Centro prove di riciclo - BANO RECYCLING\" \/>\n<meta property=\"og:description\" content=\"Bano inaugura il pi\u00f9 grande Centro prove di riciclo in ItaliaBano ha inaugurato un nuovo Centro prove di riciclo nel suo quartier generale. Il Centro prove permetter\u00e0 ai clienti di provare i macchinari con i propri materiali, e decidere qual \u00e8 la combinazione che si adatta meglio alle loro esigenze produttive. Il nuovo centro di [&hellip;]\" \/>\n<meta property=\"og:url\" content=\"https:\/\/www.shredder-bano.com\/it\/bano-recycling-test-center\/\" \/>\n<meta property=\"og:site_name\" content=\"BANO RECYCLING\" \/>\n<meta property=\"article:publisher\" content=\"https:\/\/www.facebook.com\/BanoRecycling\" \/>\n<meta property=\"article:modified_time\" content=\"2022-06-22T08:29:29+00:00\" \/>\n<meta name=\"twitter:card\" content=\"summary_large_image\" \/>\n<script type=\"application\/ld+json\" class=\"yoast-schema-graph\">{\"@context\":\"https:\/\/schema.org\",\"@graph\":[{\"@type\":\"WebPage\",\"@id\":\"https:\/\/www.shredder-bano.com\/it\/bano-recycling-test-center\/\",\"url\":\"https:\/\/www.shredder-bano.com\/it\/bano-recycling-test-center\/\",\"name\":\"Centro prove di riciclo - BANO RECYCLING\",\"isPartOf\":{\"@id\":\"https:\/\/www.shredder-bano.com\/it\/#website\"},\"datePublished\":\"2018-02-16T08:36:48+00:00\",\"dateModified\":\"2022-06-22T08:29:29+00:00\",\"breadcrumb\":{\"@id\":\"https:\/\/www.shredder-bano.com\/it\/bano-recycling-test-center\/#breadcrumb\"},\"inLanguage\":\"it-IT\",\"potentialAction\":[{\"@type\":\"ReadAction\",\"target\":[\"https:\/\/www.shredder-bano.com\/it\/bano-recycling-test-center\/\"]}]},{\"@type\":\"BreadcrumbList\",\"@id\":\"https:\/\/www.shredder-bano.com\/it\/bano-recycling-test-center\/#breadcrumb\",\"itemListElement\":[{\"@type\":\"ListItem\",\"position\":1,\"name\":\"Home\",\"item\":\"https:\/\/www.shredder-bano.com\/it\/\"},{\"@type\":\"ListItem\",\"position\":2,\"name\":\"Centro prove di riciclo\"}]},{\"@type\":\"WebSite\",\"@id\":\"https:\/\/www.shredder-bano.com\/it\/#website\",\"url\":\"https:\/\/www.shredder-bano.com\/it\/\",\"name\":\"BANO RECYCLING\",\"description\":\"Innovative solutions for recycling\",\"publisher\":{\"@id\":\"https:\/\/www.shredder-bano.com\/it\/#organization\"},\"potentialAction\":[{\"@type\":\"SearchAction\",\"target\":{\"@type\":\"EntryPoint\",\"urlTemplate\":\"https:\/\/www.shredder-bano.com\/it\/?s={search_term_string}\"},\"query-input\":{\"@type\":\"PropertyValueSpecification\",\"valueRequired\":true,\"valueName\":\"search_term_string\"}}],\"inLanguage\":\"it-IT\"},{\"@type\":\"Organization\",\"@id\":\"https:\/\/www.shredder-bano.com\/it\/#organization\",\"name\":\"Bano Recycling s.r.l.\",\"url\":\"https:\/\/www.shredder-bano.com\/it\/\",\"logo\":{\"@type\":\"ImageObject\",\"inLanguage\":\"it-IT\",\"@id\":\"https:\/\/www.shredder-bano.com\/it\/#\/schema\/logo\/image\/\",\"url\":\"https:\/\/www.shredder-bano.com\/it\/wp-content\/uploads\/2018\/02\/logo_bano_no_claim.png\",\"contentUrl\":\"https:\/\/www.shredder-bano.com\/it\/wp-content\/uploads\/2018\/02\/logo_bano_no_claim.png\",\"width\":285,\"height\":91,\"caption\":\"Bano Recycling s.r.l.\"},\"image\":{\"@id\":\"https:\/\/www.shredder-bano.com\/it\/#\/schema\/logo\/image\/\"},\"sameAs\":[\"https:\/\/www.facebook.com\/BanoRecycling\",\"https:\/\/www.youtube.com\/user\/BanoRecycling\/featured\"]}]}<\/script>\n<!-- \/ Yoast SEO plugin. -->","yoast_head_json":{"title":"Centro prove di riciclo - BANO RECYCLING","robots":{"index":"index","follow":"follow","max-snippet":"max-snippet:-1","max-image-preview":"max-image-preview:large","max-video-preview":"max-video-preview:-1"},"canonical":"https:\/\/www.shredder-bano.com\/it\/bano-recycling-test-center\/","og_locale":"it_IT","og_type":"article","og_title":"Centro prove di riciclo - BANO RECYCLING","og_description":"Bano inaugura il pi\u00f9 grande Centro prove di riciclo in ItaliaBano ha inaugurato un nuovo Centro prove di riciclo nel suo quartier generale. Il Centro prove permetter\u00e0 ai clienti di provare i macchinari con i propri materiali, e decidere qual \u00e8 la combinazione che si adatta meglio alle loro esigenze produttive. Il nuovo centro di [&hellip;]","og_url":"https:\/\/www.shredder-bano.com\/it\/bano-recycling-test-center\/","og_site_name":"BANO RECYCLING","article_publisher":"https:\/\/www.facebook.com\/BanoRecycling","article_modified_time":"2022-06-22T08:29:29+00:00","twitter_card":"summary_large_image","schema":{"@context":"https:\/\/schema.org","@graph":[{"@type":"WebPage","@id":"https:\/\/www.shredder-bano.com\/it\/bano-recycling-test-center\/","url":"https:\/\/www.shredder-bano.com\/it\/bano-recycling-test-center\/","name":"Centro prove di riciclo - BANO RECYCLING","isPartOf":{"@id":"https:\/\/www.shredder-bano.com\/it\/#website"},"datePublished":"2018-02-16T08:36:48+00:00","dateModified":"2022-06-22T08:29:29+00:00","breadcrumb":{"@id":"https:\/\/www.shredder-bano.com\/it\/bano-recycling-test-center\/#breadcrumb"},"inLanguage":"it-IT","potentialAction":[{"@type":"ReadAction","target":["https:\/\/www.shredder-bano.com\/it\/bano-recycling-test-center\/"]}]},{"@type":"BreadcrumbList","@id":"https:\/\/www.shredder-bano.com\/it\/bano-recycling-test-center\/#breadcrumb","itemListElement":[{"@type":"ListItem","position":1,"name":"Home","item":"https:\/\/www.shredder-bano.com\/it\/"},{"@type":"ListItem","position":2,"name":"Centro prove di riciclo"}]},{"@type":"WebSite","@id":"https:\/\/www.shredder-bano.com\/it\/#website","url":"https:\/\/www.shredder-bano.com\/it\/","name":"BANO RECYCLING","description":"Innovative solutions for recycling","publisher":{"@id":"https:\/\/www.shredder-bano.com\/it\/#organization"},"potentialAction":[{"@type":"SearchAction","target":{"@type":"EntryPoint","urlTemplate":"https:\/\/www.shredder-bano.com\/it\/?s={search_term_string}"},"query-input":{"@type":"PropertyValueSpecification","valueRequired":true,"valueName":"search_term_string"}}],"inLanguage":"it-IT"},{"@type":"Organization","@id":"https:\/\/www.shredder-bano.com\/it\/#organization","name":"Bano Recycling s.r.l.","url":"https:\/\/www.shredder-bano.com\/it\/","logo":{"@type":"ImageObject","inLanguage":"it-IT","@id":"https:\/\/www.shredder-bano.com\/it\/#\/schema\/logo\/image\/","url":"https:\/\/www.shredder-bano.com\/it\/wp-content\/uploads\/2018\/02\/logo_bano_no_claim.png","contentUrl":"https:\/\/www.shredder-bano.com\/it\/wp-content\/uploads\/2018\/02\/logo_bano_no_claim.png","width":285,"height":91,"caption":"Bano Recycling s.r.l."},"image":{"@id":"https:\/\/www.shredder-bano.com\/it\/#\/schema\/logo\/image\/"},"sameAs":["https:\/\/www.facebook.com\/BanoRecycling","https:\/\/www.youtube.com\/user\/BanoRecycling\/featured"]}]}},"_links":{"self":[{"href":"https:\/\/www.shredder-bano.com\/it\/wp-json\/wp\/v2\/pages\/1727"}],"collection":[{"href":"https:\/\/www.shredder-bano.com\/it\/wp-json\/wp\/v2\/pages"}],"about":[{"href":"https:\/\/www.shredder-bano.com\/it\/wp-json\/wp\/v2\/types\/page"}],"author":[{"embeddable":true,"href":"https:\/\/www.shredder-bano.com\/it\/wp-json\/wp\/v2\/users\/1"}],"replies":[{"embeddable":true,"href":"https:\/\/www.shredder-bano.com\/it\/wp-json\/wp\/v2\/comments?post=1727"}],"version-history":[{"count":3,"href":"https:\/\/www.shredder-bano.com\/it\/wp-json\/wp\/v2\/pages\/1727\/revisions"}],"predecessor-version":[{"id":2256,"href":"https:\/\/www.shredder-bano.com\/it\/wp-json\/wp\/v2\/pages\/1727\/revisions\/2256"}],"wp:attachment":[{"href":"https:\/\/www.shredder-bano.com\/it\/wp-json\/wp\/v2\/media?parent=1727"}],"curies":[{"name":"wp","href":"https:\/\/api.w.org\/{rel}","templated":true}]}}