{"id":1668,"date":"2018-02-14T10:34:25","date_gmt":"2018-02-14T10:34:25","guid":{"rendered":"https:\/\/www.shredder-bano.com\/it\/?page_id=1668"},"modified":"2025-11-12T17:18:05","modified_gmt":"2025-11-12T17:18:05","slug":"rifiuti-solidi-industriali-e-urbani","status":"publish","type":"page","link":"https:\/\/www.shredder-bano.com\/it\/rifiuti-solidi-industriali-e-urbani\/","title":{"rendered":"Rifiuti solidi industriali e urbani"},"content":{"rendered":"<div  class=\"ui--space clearfix\" data-responsive=\"{&quot;css&quot;:{&quot;height&quot;:{&quot;phone&quot;:null,&quot;tablet&quot;:null,&quot;widescreen&quot;:null}}}\"><\/div><div class=\"ui-row row\">\n <div   class=\"ui-column span9\"><div  class=\"ui--space clearfix\" style=\"height: 10px;\" data-responsive=\"{&quot;css&quot;:{&quot;height&quot;:{&quot;phone&quot;:null,&quot;tablet&quot;:null,&quot;widescreen&quot;:&quot;10px&quot;}}}\"><\/div>\n\t\t\t<script type=\"text\/javascript\">\n\t\t\t\/\/ <![CDATA[\n\t\t\t\tjQuery(document).ready(function(){\n\t\t\t\t\t\"use strict\";\n\n\t\t\t\t\tjQuery(\"#flex-slider-c1UC .slides > li:eq(0) > img\").imagesLoaded(function(){\n\n\t\t\t\t\t\tCloudFwLoaded(jQuery(\"#flex-slider-c1UC\").parents(\".flexslider-wrapper\").first());\n\t\t\t\t\t\tjQuery(\"#flex-slider-c1UC\").flexslider({\n\t\t\t\t\t\t\tslideshow: true, slideshowSpeed: 5000,\n\t\t\t\t\t\t\tanimationDuration: 500,\n\t\t\t\t\t\t\tanimation: \"fade\",\n\t\t\t\t\t\t\tslideDirection: \"horizontal\",\n\t\t\t\t\t\t\tcontrolNav: true,\n\t\t\t\t\t\t\tsmoothHeight: true,\n\t\t\t\t\t\t\tdirectionNav: false,\n\t\t\t\t\t\t\tkeyboardNav: true,\n\t\t\t\t\t\t\tmousewheel: false,\n\t\t\t\t\t\t\tpauseOnAction: true,\n\t\t\t\t\t\t\tpauseOnHover: false,\n\t\t\t\t\t\t\tstart: function(){\n\t\t\t\t\t\t\t\tjQuery(window).trigger(\"resize\");\n\t\t\t\t\t\t\t},\n\t\t\t\t\t\t\tafter: function(){\n\t\t\t\t\t\t\t\tjQuery(window).trigger(\"resize\");\n\t\t\t\t\t\t\t}\n\t\t\t\t\t\t});\n\n\t\t\t\t\t});\n\n\t\t\t\t });\n\t\t\t\/\/ ]]>\n\t\t\t<\/script>\n\n\t\t\t\n\t\t\t<div class=\"flexslider-wrapper ui--loading clearfix\">\n\t\t\t\t<div class=\"flexslider-relative clearfix\">\n\t\t\t\t\t<div id=\"flex-slider-c1UC\" class=\"flexslider clearfix pagination-on direction--horizontal\"><ul class=\"slides\"><li><img decoding=\"async\" src=\"https:\/\/www.shredder-bano.com\/it\/wp-content\/uploads\/2018\/02\/slide_SOLID_WASTE_5-980x490.jpg\" alt=\"\"\/><\/li><li><img decoding=\"async\" src=\"https:\/\/www.shredder-bano.com\/it\/wp-content\/uploads\/2018\/02\/slide_SOLID_WASTE_4-980x490.jpg\" alt=\"\"\/><\/li><li><img decoding=\"async\" src=\"https:\/\/www.shredder-bano.com\/it\/wp-content\/uploads\/2018\/02\/slide_SOLID_WASTE_3-980x490.jpg\" alt=\"\"\/><\/li><li><img decoding=\"async\" src=\"https:\/\/www.shredder-bano.com\/it\/wp-content\/uploads\/2018\/02\/slide_SOLID_WASTE_2-980x490.jpg\" alt=\"\"\/><\/li><li><img decoding=\"async\" src=\"https:\/\/www.shredder-bano.com\/it\/wp-content\/uploads\/2018\/02\/slide_SOLID_WASTE_1-980x490.jpg\" alt=\"\"\/><\/li><\/ul><\/div><!-- \/.flexslider --><\/div><!-- \/.flexslider-relative -->\n\t\t\t<\/div>\n\t\t\t\n\t\t<div class=\"ui--loading-progress clearfix\">\n\t\t\t<i class=\"fontawesome-spinner fontawesome-spin fontawesome-large\"><\/i>\n\t\t<\/div>\n\t<div  class=\"ui--space clearfix\" style=\"height: 20px;\" data-responsive=\"{&quot;css&quot;:{&quot;height&quot;:{&quot;phone&quot;:null,&quot;tablet&quot;:null,&quot;widescreen&quot;:&quot;20px&quot;}}}\"><\/div><h1 id=\"custom-title-h1-1\" class=\"ui--animation \" style=\"\">Qual \u00e8 il segreto di un impianto CDR di successo? Convenienza unita a un\u2019alta disponibilit\u00e0.<\/h1><div class=\"auto-format ui--animation\"><p>Il sistema di progettazione modulare dei macchinari Bano consente una grande variet\u00e0 di design, in modo da fornire la soluzione tecnica pi\u00f9 adeguata a ogni specifica area di applicazione.<br \/>\nI trituratori primari (serie PREMAC-S HYDRO) e i trituratori secondari <strong>Bano<\/strong> (serie MAC-S e FAST-CUT), disponibili in versione idraulica o meccanica, sono altamente richiesti per impianti di trattamento di rifiuti urbani e industriali per ottenere CSS ad alto valore calorico.<br \/>\nNegli ultimi 15 anni BANO ha dimostrato di produrre i trituratori monoalbero primari e secondari pi\u00f9 affidabili e conventi dell\u2019industria del riciclo dei rifiuti. Per questo motivo, sono sempre pi\u00f9 richiesti da aziende che vogliono rinnovare e migliorare i propri impianti.<br \/>\nAllo stesso modo, grandi gruppi continuano a scegliere i macchinari Bano per assicurare stabilit\u00e0 di lavorazione nelle loro nuove linee.<\/p>\n<\/div><div  class=\"ui--space clearfix\" style=\"height: 20px;\" data-responsive=\"{&quot;css&quot;:{&quot;height&quot;:{&quot;phone&quot;:null,&quot;tablet&quot;:null,&quot;widescreen&quot;:&quot;20px&quot;}}}\"><\/div><h3 id=\"custom-title-h3-1\" class=\"ui--animation \" style=\"\">MAC-S 48-90: Il pi\u00f9 grande trituratore secondario al mondo<\/h3><div class=\"auto-format ui--animation\"><p>Il trituratore primario <strong>PREMAC-S HYDRO<\/strong> \u00e8 disponibile in diverse dimensioni che vanno da 1,8 a 3,5 metri (lunghezza rotore) e diversi requisiti di alimentazione, da 200 a 500 kW. I trituratori secondari <strong>MAC-S<\/strong> e <strong>FAST-CUT<\/strong> sono disponibili in diverse dimensioni che vanno da 1,8 a 4,8 metri (lunghezza rotore) e diversi requisiti di alimentazione, da160 a 700 kW. I trituratori monoalbero Bano sono adatti anche alla lavorazione di rifiuti voluminosi, tappeti, materassi, reti da pesca e corde.<\/p>\n<\/div><div  class=\"ui--space clearfix\" style=\"height: 20px;\" data-responsive=\"{&quot;css&quot;:{&quot;height&quot;:{&quot;phone&quot;:null,&quot;tablet&quot;:null,&quot;widescreen&quot;:&quot;20px&quot;}}}\"><\/div><div class=\"text-center ui--animation\"><a class=\"btn btn-medium btn-icon-left btn-primary\" href=\"https:\/\/www.shredder-bano.com\/it\/richiesta-informazioni\/\" style=\"\">RICHIESTA INFORMAZIONI<\/a> <\/div><\/div> \n\n <div   class=\"ui-column span3\"><h4 id=\"custom-title-h4-1\" class=\"ui--animation \" style=\"text-align: center; \">SHREDDER<\/h4><div  class=\"ui--divider ui--animation clearfix ui--divider-mini\" style=\"background-color: #ff0000 !important;\"><\/div><div  class=\"ui--space clearfix\" style=\"height: 15px;\" data-responsive=\"{&quot;css&quot;:{&quot;height&quot;:{&quot;phone&quot;:null,&quot;tablet&quot;:null,&quot;widescreen&quot;:&quot;15px&quot;}}}\"><\/div><div class=\"ui--box-widget\"><div  class=\"ui--content-box ui--box ui--content-item ui--animation ui-row\"><div class=\"ui--content-box-header\"><div class=\"ui--content-box-media effect--fade type--default clearfix\" style=\"padding-bottom: 56.25%;\"><a class=\"ui--content-box-link\" href=\"https:\/\/www.shredder-bano.com\/it\/shredder\/premac-hydro\/\"><div class=\"ui--content-box-image-default\"><img decoding=\"async\"  class=\"ui--content-box-image\" src=\"https:\/\/www.shredder-bano.com\/it\/wp-content\/uploads\/2025\/11\/ante_Premac_Hydro-570x321.jpg\" alt=\"\" title=\"\"\/><\/div><\/a><\/div><a class=\"ui--content-box-link\" href=\"https:\/\/www.shredder-bano.com\/it\/shredder\/premac-hydro\/\"><div class=\"ui--content-box-title ui--gradient ui--gradient-grey on--hover clearfix text-center\"><h5 class=\"ui--content-box-title-text\">PREMAC HYDRO<\/h5><\/div><\/a><\/div><\/div><\/div><div  class=\"ui--space clearfix\" style=\"height: 15px;\" data-responsive=\"{&quot;css&quot;:{&quot;height&quot;:{&quot;phone&quot;:null,&quot;tablet&quot;:null,&quot;widescreen&quot;:&quot;15px&quot;}}}\"><\/div><div class=\"ui--box-widget\"><div  class=\"ui--content-box ui--box ui--content-item ui--animation ui-row\"><div class=\"ui--content-box-header\"><div class=\"ui--content-box-media effect--fade type--default clearfix\" style=\"padding-bottom: 56.25%;\"><a class=\"ui--content-box-link\" href=\"https:\/\/www.shredder-bano.com\/it\/trituratori\/fast-cut\/\"><div class=\"ui--content-box-image-default\"><img decoding=\"async\"  class=\"ui--content-box-image\" src=\"https:\/\/www.shredder-bano.com\/it\/wp-content\/uploads\/2025\/11\/ante_FAST-CUT-Trituratori-secondari-570x321.jpg\" alt=\"\" title=\"\"\/><\/div><\/a><\/div><a class=\"ui--content-box-link\" href=\"https:\/\/www.shredder-bano.com\/it\/trituratori\/fast-cut\/\"><div class=\"ui--content-box-title ui--gradient ui--gradient-grey on--hover clearfix text-center\"><h5 class=\"ui--content-box-title-text\">FAST CUT<\/h5><\/div><\/a><\/div><\/div><\/div><div  class=\"ui--space clearfix\" style=\"height: 15px;\" data-responsive=\"{&quot;css&quot;:{&quot;height&quot;:{&quot;phone&quot;:null,&quot;tablet&quot;:null,&quot;widescreen&quot;:&quot;15px&quot;}}}\"><\/div><div class=\"ui--box-widget\"><div  class=\"ui--content-box ui--box ui--content-item ui--animation ui-row\"><div class=\"ui--content-box-header\"><div class=\"ui--content-box-media effect--fade type--default clearfix\" style=\"padding-bottom: 56.25%;\"><a class=\"ui--content-box-link\" href=\"https:\/\/www.shredder-bano.com\/it\/trituratori\/fine-cut\/\"><div class=\"ui--content-box-image-default\"><img decoding=\"async\"  class=\"ui--content-box-image\" src=\"https:\/\/www.shredder-bano.com\/it\/wp-content\/uploads\/2025\/11\/ante_FINE-CUT-570x321.jpg\" alt=\"\" title=\"\"\/><\/div><\/a><\/div><a class=\"ui--content-box-link\" href=\"https:\/\/www.shredder-bano.com\/it\/trituratori\/fine-cut\/\"><div class=\"ui--content-box-title ui--gradient ui--gradient-grey on--hover clearfix text-center\"><h5 class=\"ui--content-box-title-text\">FINE-CUT<\/h5><\/div><\/a><\/div><\/div><\/div><div  class=\"ui--space clearfix\" style=\"height: 15px;\" data-responsive=\"{&quot;css&quot;:{&quot;height&quot;:{&quot;phone&quot;:null,&quot;tablet&quot;:null,&quot;widescreen&quot;:&quot;15px&quot;}}}\"><\/div><div class=\"ui--box-widget\"><div  class=\"ui--content-box ui--box ui--content-item ui--animation ui-row\"><div class=\"ui--content-box-header\"><div class=\"ui--content-box-media effect--fade type--default clearfix\" style=\"padding-bottom: 56.25%;\"><a class=\"ui--content-box-link\" href=\"https:\/\/www.shredder-bano.com\/it\/trituratori\/trituratori-serie-rhino\/\"><div class=\"ui--content-box-image-default\"><img decoding=\"async\"  class=\"ui--content-box-image\" src=\"https:\/\/www.shredder-bano.com\/it\/wp-content\/uploads\/2025\/11\/ante_RHINO_big-570x321.jpg\" alt=\"\" title=\"\"\/><\/div><\/a><\/div><a class=\"ui--content-box-link\" href=\"https:\/\/www.shredder-bano.com\/it\/trituratori\/trituratori-serie-rhino\/\"><div class=\"ui--content-box-title ui--gradient ui--gradient-grey on--hover clearfix text-center\"><h5 class=\"ui--content-box-title-text\">RHINO<\/h5><\/div><\/a><\/div><\/div><\/div><div  class=\"ui--space clearfix\" style=\"height: 15px;\" data-responsive=\"{&quot;css&quot;:{&quot;height&quot;:{&quot;phone&quot;:null,&quot;tablet&quot;:null,&quot;widescreen&quot;:&quot;15px&quot;}}}\"><\/div><div class=\"ui--box-widget\"><div  class=\"ui--content-box ui--box ui--content-item ui--animation ui-row\"><div class=\"ui--content-box-header\"><div class=\"ui--content-box-media effect--fade type--default clearfix\" style=\"padding-bottom: 56.25%;\"><a class=\"ui--content-box-link\" href=\"https:\/\/www.shredder-bano.com\/it\/trituratori\/premac-hydro-mobile-fury\/\"><div class=\"ui--content-box-image-default\"><img decoding=\"async\"  class=\"ui--content-box-image\" src=\"https:\/\/www.shredder-bano.com\/it\/wp-content\/uploads\/2025\/11\/ante_FURY-570x321.jpg\" alt=\"\" title=\"\"\/><\/div><\/a><\/div><a class=\"ui--content-box-link\" href=\"https:\/\/www.shredder-bano.com\/it\/trituratori\/premac-hydro-mobile-fury\/\"><div class=\"ui--content-box-title ui--gradient ui--gradient-grey on--hover clearfix text-center\"><h5 class=\"ui--content-box-title-text\">FURY<\/h5><\/div><\/a><\/div><\/div><\/div><div  class=\"ui--space clearfix\" style=\"height: 15px;\" data-responsive=\"{&quot;css&quot;:{&quot;height&quot;:{&quot;phone&quot;:null,&quot;tablet&quot;:null,&quot;widescreen&quot;:&quot;15px&quot;}}}\"><\/div><div class=\"ui--box-widget\"><div  class=\"ui--content-box ui--box ui--content-item ui--animation ui-row\"><div class=\"ui--content-box-header\"><div class=\"ui--content-box-media effect--fade type--default clearfix\" style=\"padding-bottom: 56.25%;\"><a class=\"ui--content-box-link\" href=\"https:\/\/www.shredder-bano.com\/it\/trituratori\/premac-hydro-mobile\/\"><div class=\"ui--content-box-image-default\"><img decoding=\"async\"  class=\"ui--content-box-image\" src=\"https:\/\/www.shredder-bano.com\/it\/wp-content\/uploads\/2025\/11\/ante_PREMAC-HYDRO-MOBILE-570x321-1-570x321.jpg\" alt=\"\" title=\"\"\/><\/div><\/a><\/div><a class=\"ui--content-box-link\" href=\"https:\/\/www.shredder-bano.com\/it\/trituratori\/premac-hydro-mobile\/\"><div class=\"ui--content-box-title ui--gradient ui--gradient-grey on--hover clearfix text-center\"><h5 class=\"ui--content-box-title-text\">PREMAC HYDRO MOBILE<\/h5><\/div><\/a><\/div><\/div><\/div><div  class=\"ui--space clearfix\" style=\"height: 15px;\" data-responsive=\"{&quot;css&quot;:{&quot;height&quot;:{&quot;phone&quot;:null,&quot;tablet&quot;:null,&quot;widescreen&quot;:&quot;15px&quot;}}}\"><\/div><\/div> \n\n<\/div> \n<div  class=\"ui--space clearfix\" data-responsive=\"{&quot;css&quot;:{&quot;height&quot;:{&quot;phone&quot;:null,&quot;tablet&quot;:null,&quot;widescreen&quot;:null}}}\"><\/div><div  id=\"section-zesxb\" class=\"fullwidth-content ui--section clearfix inner-shadow-1 section-zesxb color--dark\" style=\"margin-bottom: -15px;\"><div  class=\"ui--section-content inner-shadow-1\"><div class=\"container\"><div class=\"ui--image-wrap clearfix text-center ui--block\"><a href=\"https:\/\/www.youtube.com\/playlist?list=PLEYVE3jeSNRlcGcgVhIXxBXa3EQbYe0Z3\" target=\"_blank\"><img decoding=\"async\"  id=\"ui--image-1\" class=\"ui--image ui--animation\" src=\"https:\/\/www.shredder-bano.com\/it\/wp-content\/uploads\/2020\/05\/bano_youtube_ITA.png\" alt=\"bano_youtube\" title=\"bano_youtube\" data-at2x=\"\"\/><\/a><\/div><\/div><\/div><\/div><!-- \/.fullwidth-container -->","protected":false},"excerpt":{"rendered":"<p>Qual \u00e8 il segreto di un impianto CDR di successo? Convenienza unita a un\u2019alta disponibilit\u00e0.Il sistema di progettazione modulare dei macchinari Bano consente una grande variet\u00e0 di design, in modo da fornire la soluzione tecnica pi\u00f9 adeguata a ogni specifica area di applicazione. I trituratori primari (serie PREMAC-S HYDRO) e i trituratori secondari Bano (serie [&hellip;]<\/p>\n","protected":false},"author":1,"featured_media":0,"parent":0,"menu_order":0,"comment_status":"closed","ping_status":"closed","template":"","meta":{"footnotes":""},"class_list":["post-1668","page","type-page","status-publish","hentry"],"yoast_head":"<!-- This site is optimized with the Yoast SEO plugin v25.3.1 - https:\/\/yoast.com\/wordpress\/plugins\/seo\/ -->\n<title>Rifiuti solidi industriali e urbani - BANO RECYCLING<\/title>\n<meta name=\"description\" content=\"I trituratori primari (serie PREMAC-S HYDRO) e i trituratori secondari Bano (serie MAC-S e FAST-CUT) sono altamente richiesti per impianti di trattamento di rifiuti urbani e industriali per ottenere CSS ad alto valore calorico.\" \/>\n<meta name=\"robots\" content=\"index, follow, max-snippet:-1, max-image-preview:large, max-video-preview:-1\" \/>\n<link rel=\"canonical\" href=\"https:\/\/www.shredder-bano.com\/it\/rifiuti-solidi-industriali-e-urbani\/\" \/>\n<meta property=\"og:locale\" content=\"it_IT\" \/>\n<meta property=\"og:type\" content=\"article\" \/>\n<meta property=\"og:title\" content=\"Rifiuti solidi industriali e urbani - BANO RECYCLING\" \/>\n<meta property=\"og:description\" content=\"I trituratori primari (serie PREMAC-S HYDRO) e i trituratori secondari Bano (serie MAC-S e FAST-CUT) sono altamente richiesti per impianti di trattamento di rifiuti urbani e industriali per ottenere CSS ad alto valore calorico.\" \/>\n<meta property=\"og:url\" content=\"https:\/\/www.shredder-bano.com\/it\/rifiuti-solidi-industriali-e-urbani\/\" \/>\n<meta property=\"og:site_name\" content=\"BANO RECYCLING\" \/>\n<meta property=\"article:publisher\" content=\"https:\/\/www.facebook.com\/BanoRecycling\" \/>\n<meta property=\"article:modified_time\" content=\"2025-11-12T17:18:05+00:00\" \/>\n<meta name=\"twitter:card\" content=\"summary_large_image\" \/>\n<meta name=\"twitter:label1\" content=\"Tempo di lettura stimato\" \/>\n\t<meta name=\"twitter:data1\" content=\"3 minuti\" \/>\n<script type=\"application\/ld+json\" class=\"yoast-schema-graph\">{\"@context\":\"https:\/\/schema.org\",\"@graph\":[{\"@type\":\"WebPage\",\"@id\":\"https:\/\/www.shredder-bano.com\/it\/rifiuti-solidi-industriali-e-urbani\/\",\"url\":\"https:\/\/www.shredder-bano.com\/it\/rifiuti-solidi-industriali-e-urbani\/\",\"name\":\"Rifiuti solidi industriali e urbani - BANO RECYCLING\",\"isPartOf\":{\"@id\":\"https:\/\/www.shredder-bano.com\/it\/#website\"},\"datePublished\":\"2018-02-14T10:34:25+00:00\",\"dateModified\":\"2025-11-12T17:18:05+00:00\",\"description\":\"I trituratori primari (serie PREMAC-S HYDRO) e i trituratori secondari Bano (serie MAC-S e FAST-CUT) sono altamente richiesti per impianti di trattamento di rifiuti urbani e industriali per ottenere CSS ad alto valore calorico.\",\"breadcrumb\":{\"@id\":\"https:\/\/www.shredder-bano.com\/it\/rifiuti-solidi-industriali-e-urbani\/#breadcrumb\"},\"inLanguage\":\"it-IT\",\"potentialAction\":[{\"@type\":\"ReadAction\",\"target\":[\"https:\/\/www.shredder-bano.com\/it\/rifiuti-solidi-industriali-e-urbani\/\"]}]},{\"@type\":\"BreadcrumbList\",\"@id\":\"https:\/\/www.shredder-bano.com\/it\/rifiuti-solidi-industriali-e-urbani\/#breadcrumb\",\"itemListElement\":[{\"@type\":\"ListItem\",\"position\":1,\"name\":\"Home\",\"item\":\"https:\/\/www.shredder-bano.com\/it\/\"},{\"@type\":\"ListItem\",\"position\":2,\"name\":\"Rifiuti solidi industriali e urbani\"}]},{\"@type\":\"WebSite\",\"@id\":\"https:\/\/www.shredder-bano.com\/it\/#website\",\"url\":\"https:\/\/www.shredder-bano.com\/it\/\",\"name\":\"BANO RECYCLING\",\"description\":\"Innovative solutions for recycling\",\"publisher\":{\"@id\":\"https:\/\/www.shredder-bano.com\/it\/#organization\"},\"potentialAction\":[{\"@type\":\"SearchAction\",\"target\":{\"@type\":\"EntryPoint\",\"urlTemplate\":\"https:\/\/www.shredder-bano.com\/it\/?s={search_term_string}\"},\"query-input\":{\"@type\":\"PropertyValueSpecification\",\"valueRequired\":true,\"valueName\":\"search_term_string\"}}],\"inLanguage\":\"it-IT\"},{\"@type\":\"Organization\",\"@id\":\"https:\/\/www.shredder-bano.com\/it\/#organization\",\"name\":\"Bano Recycling s.r.l.\",\"url\":\"https:\/\/www.shredder-bano.com\/it\/\",\"logo\":{\"@type\":\"ImageObject\",\"inLanguage\":\"it-IT\",\"@id\":\"https:\/\/www.shredder-bano.com\/it\/#\/schema\/logo\/image\/\",\"url\":\"https:\/\/www.shredder-bano.com\/it\/wp-content\/uploads\/2018\/02\/logo_bano_no_claim.png\",\"contentUrl\":\"https:\/\/www.shredder-bano.com\/it\/wp-content\/uploads\/2018\/02\/logo_bano_no_claim.png\",\"width\":285,\"height\":91,\"caption\":\"Bano Recycling s.r.l.\"},\"image\":{\"@id\":\"https:\/\/www.shredder-bano.com\/it\/#\/schema\/logo\/image\/\"},\"sameAs\":[\"https:\/\/www.facebook.com\/BanoRecycling\",\"https:\/\/www.youtube.com\/user\/BanoRecycling\/featured\"]}]}<\/script>\n<!-- \/ Yoast SEO plugin. -->","yoast_head_json":{"title":"Rifiuti solidi industriali e urbani - BANO RECYCLING","description":"I trituratori primari (serie PREMAC-S HYDRO) e i trituratori secondari Bano (serie MAC-S e FAST-CUT) sono altamente richiesti per impianti di trattamento di rifiuti urbani e industriali per ottenere CSS ad alto valore calorico.","robots":{"index":"index","follow":"follow","max-snippet":"max-snippet:-1","max-image-preview":"max-image-preview:large","max-video-preview":"max-video-preview:-1"},"canonical":"https:\/\/www.shredder-bano.com\/it\/rifiuti-solidi-industriali-e-urbani\/","og_locale":"it_IT","og_type":"article","og_title":"Rifiuti solidi industriali e urbani - BANO RECYCLING","og_description":"I trituratori primari (serie PREMAC-S HYDRO) e i trituratori secondari Bano (serie MAC-S e FAST-CUT) sono altamente richiesti per impianti di trattamento di rifiuti urbani e industriali per ottenere CSS ad alto valore calorico.","og_url":"https:\/\/www.shredder-bano.com\/it\/rifiuti-solidi-industriali-e-urbani\/","og_site_name":"BANO RECYCLING","article_publisher":"https:\/\/www.facebook.com\/BanoRecycling","article_modified_time":"2025-11-12T17:18:05+00:00","twitter_card":"summary_large_image","twitter_misc":{"Tempo di lettura stimato":"3 minuti"},"schema":{"@context":"https:\/\/schema.org","@graph":[{"@type":"WebPage","@id":"https:\/\/www.shredder-bano.com\/it\/rifiuti-solidi-industriali-e-urbani\/","url":"https:\/\/www.shredder-bano.com\/it\/rifiuti-solidi-industriali-e-urbani\/","name":"Rifiuti solidi industriali e urbani - BANO RECYCLING","isPartOf":{"@id":"https:\/\/www.shredder-bano.com\/it\/#website"},"datePublished":"2018-02-14T10:34:25+00:00","dateModified":"2025-11-12T17:18:05+00:00","description":"I trituratori primari (serie PREMAC-S HYDRO) e i trituratori secondari Bano (serie MAC-S e FAST-CUT) sono altamente richiesti per impianti di trattamento di rifiuti urbani e industriali per ottenere CSS ad alto valore calorico.","breadcrumb":{"@id":"https:\/\/www.shredder-bano.com\/it\/rifiuti-solidi-industriali-e-urbani\/#breadcrumb"},"inLanguage":"it-IT","potentialAction":[{"@type":"ReadAction","target":["https:\/\/www.shredder-bano.com\/it\/rifiuti-solidi-industriali-e-urbani\/"]}]},{"@type":"BreadcrumbList","@id":"https:\/\/www.shredder-bano.com\/it\/rifiuti-solidi-industriali-e-urbani\/#breadcrumb","itemListElement":[{"@type":"ListItem","position":1,"name":"Home","item":"https:\/\/www.shredder-bano.com\/it\/"},{"@type":"ListItem","position":2,"name":"Rifiuti solidi industriali e urbani"}]},{"@type":"WebSite","@id":"https:\/\/www.shredder-bano.com\/it\/#website","url":"https:\/\/www.shredder-bano.com\/it\/","name":"BANO RECYCLING","description":"Innovative solutions for recycling","publisher":{"@id":"https:\/\/www.shredder-bano.com\/it\/#organization"},"potentialAction":[{"@type":"SearchAction","target":{"@type":"EntryPoint","urlTemplate":"https:\/\/www.shredder-bano.com\/it\/?s={search_term_string}"},"query-input":{"@type":"PropertyValueSpecification","valueRequired":true,"valueName":"search_term_string"}}],"inLanguage":"it-IT"},{"@type":"Organization","@id":"https:\/\/www.shredder-bano.com\/it\/#organization","name":"Bano Recycling s.r.l.","url":"https:\/\/www.shredder-bano.com\/it\/","logo":{"@type":"ImageObject","inLanguage":"it-IT","@id":"https:\/\/www.shredder-bano.com\/it\/#\/schema\/logo\/image\/","url":"https:\/\/www.shredder-bano.com\/it\/wp-content\/uploads\/2018\/02\/logo_bano_no_claim.png","contentUrl":"https:\/\/www.shredder-bano.com\/it\/wp-content\/uploads\/2018\/02\/logo_bano_no_claim.png","width":285,"height":91,"caption":"Bano Recycling s.r.l."},"image":{"@id":"https:\/\/www.shredder-bano.com\/it\/#\/schema\/logo\/image\/"},"sameAs":["https:\/\/www.facebook.com\/BanoRecycling","https:\/\/www.youtube.com\/user\/BanoRecycling\/featured"]}]}},"_links":{"self":[{"href":"https:\/\/www.shredder-bano.com\/it\/wp-json\/wp\/v2\/pages\/1668"}],"collection":[{"href":"https:\/\/www.shredder-bano.com\/it\/wp-json\/wp\/v2\/pages"}],"about":[{"href":"https:\/\/www.shredder-bano.com\/it\/wp-json\/wp\/v2\/types\/page"}],"author":[{"embeddable":true,"href":"https:\/\/www.shredder-bano.com\/it\/wp-json\/wp\/v2\/users\/1"}],"replies":[{"embeddable":true,"href":"https:\/\/www.shredder-bano.com\/it\/wp-json\/wp\/v2\/comments?post=1668"}],"version-history":[{"count":6,"href":"https:\/\/www.shredder-bano.com\/it\/wp-json\/wp\/v2\/pages\/1668\/revisions"}],"predecessor-version":[{"id":2641,"href":"https:\/\/www.shredder-bano.com\/it\/wp-json\/wp\/v2\/pages\/1668\/revisions\/2641"}],"wp:attachment":[{"href":"https:\/\/www.shredder-bano.com\/it\/wp-json\/wp\/v2\/media?parent=1668"}],"curies":[{"name":"wp","href":"https:\/\/api.w.org\/{rel}","templated":true}]}}