{"id":1665,"date":"2018-02-14T10:28:30","date_gmt":"2018-02-14T10:28:30","guid":{"rendered":"https:\/\/www.shredder-bano.com\/it\/?page_id=1665"},"modified":"2025-11-12T17:16:07","modified_gmt":"2025-11-12T17:16:07","slug":"rifiuti-elettronici-raee","status":"publish","type":"page","link":"https:\/\/www.shredder-bano.com\/it\/rifiuti-elettronici-raee\/","title":{"rendered":"Rifiuti elettronici (RAEE)"},"content":{"rendered":"<div  class=\"ui--space clearfix\" data-responsive=\"{&quot;css&quot;:{&quot;height&quot;:{&quot;phone&quot;:null,&quot;tablet&quot;:null,&quot;widescreen&quot;:null}}}\"><\/div><div class=\"ui-row row\">\n <div   class=\"ui-column span9\"><div  class=\"ui--space clearfix\" style=\"height: 10px;\" data-responsive=\"{&quot;css&quot;:{&quot;height&quot;:{&quot;phone&quot;:null,&quot;tablet&quot;:null,&quot;widescreen&quot;:&quot;10px&quot;}}}\"><\/div>\n\t\t\t<script type=\"text\/javascript\">\n\t\t\t\/\/ <![CDATA[\n\t\t\t\tjQuery(document).ready(function(){\n\t\t\t\t\t\"use strict\";\n\n\t\t\t\t\tjQuery(\"#flex-slider-0zid .slides > li:eq(0) > img\").imagesLoaded(function(){\n\n\t\t\t\t\t\tCloudFwLoaded(jQuery(\"#flex-slider-0zid\").parents(\".flexslider-wrapper\").first());\n\t\t\t\t\t\tjQuery(\"#flex-slider-0zid\").flexslider({\n\t\t\t\t\t\t\tslideshow: true, slideshowSpeed: 5000,\n\t\t\t\t\t\t\tanimationDuration: 500,\n\t\t\t\t\t\t\tanimation: \"fade\",\n\t\t\t\t\t\t\tslideDirection: \"horizontal\",\n\t\t\t\t\t\t\tcontrolNav: true,\n\t\t\t\t\t\t\tsmoothHeight: true,\n\t\t\t\t\t\t\tdirectionNav: false,\n\t\t\t\t\t\t\tkeyboardNav: true,\n\t\t\t\t\t\t\tmousewheel: false,\n\t\t\t\t\t\t\tpauseOnAction: true,\n\t\t\t\t\t\t\tpauseOnHover: false,\n\t\t\t\t\t\t\tstart: function(){\n\t\t\t\t\t\t\t\tjQuery(window).trigger(\"resize\");\n\t\t\t\t\t\t\t},\n\t\t\t\t\t\t\tafter: function(){\n\t\t\t\t\t\t\t\tjQuery(window).trigger(\"resize\");\n\t\t\t\t\t\t\t}\n\t\t\t\t\t\t});\n\n\t\t\t\t\t});\n\n\t\t\t\t });\n\t\t\t\/\/ ]]>\n\t\t\t<\/script>\n\n\t\t\t\n\t\t\t<div class=\"flexslider-wrapper ui--loading clearfix\">\n\t\t\t\t<div class=\"flexslider-relative clearfix\">\n\t\t\t\t\t<div id=\"flex-slider-0zid\" class=\"flexslider clearfix pagination-on direction--horizontal\"><ul class=\"slides\"><li><img decoding=\"async\" src=\"https:\/\/www.shredder-bano.com\/it\/wp-content\/uploads\/2018\/02\/slide_e-Waste_6-980x490.jpg\" alt=\"\"\/><\/li><li><img decoding=\"async\" src=\"https:\/\/www.shredder-bano.com\/it\/wp-content\/uploads\/2018\/02\/slide_e-Waste_5-980x490.jpg\" alt=\"\"\/><\/li><li><img decoding=\"async\" src=\"https:\/\/www.shredder-bano.com\/it\/wp-content\/uploads\/2018\/02\/slide_e-Waste_4-980x490.jpg\" alt=\"\"\/><\/li><li><img decoding=\"async\" src=\"https:\/\/www.shredder-bano.com\/it\/wp-content\/uploads\/2018\/02\/slide_e-Waste_3-980x490.jpg\" alt=\"\"\/><\/li><li><img decoding=\"async\" src=\"https:\/\/www.shredder-bano.com\/it\/wp-content\/uploads\/2018\/02\/slide_e-Waste_2-980x490.jpg\" alt=\"\"\/><\/li><li><img decoding=\"async\" src=\"https:\/\/www.shredder-bano.com\/it\/wp-content\/uploads\/2018\/02\/slide_e-Waste_1-980x490.jpg\" alt=\"\"\/><\/li><\/ul><\/div><!-- \/.flexslider --><\/div><!-- \/.flexslider-relative -->\n\t\t\t<\/div>\n\t\t\t\n\t\t<div class=\"ui--loading-progress clearfix\">\n\t\t\t<i class=\"fontawesome-spinner fontawesome-spin fontawesome-large\"><\/i>\n\t\t<\/div>\n\t<div  class=\"ui--space clearfix\" style=\"height: 20px;\" data-responsive=\"{&quot;css&quot;:{&quot;height&quot;:{&quot;phone&quot;:null,&quot;tablet&quot;:null,&quot;widescreen&quot;:&quot;20px&quot;}}}\"><\/div><h1 id=\"custom-title-h1-1\" class=\"ui--animation \" style=\"\">Nuovi sviluppi per il recupero di materie prime da rifiuti elettronici (RAEE)<\/h1><div class=\"auto-format ui--animation\"><p>L&#8217;impianto di riciclo di rifiuti elettronici Bano \u00e8 la combinazione perfetta di due tecnologie all&#8217;avanguardia: l\u2019incredibile trituratore monoalbero <strong>PREMAC HYDRO<\/strong> e l\u2019innovativo <strong>MULINO VERTICALE.<\/strong><br \/>\nFinalmente una soluzione unica e completa che garantisce prodotti finali di qualit\u00e0, il massimo del recupero e altissime performance.<\/p>\n<\/div><div  class=\"ui--space clearfix\" style=\"height: 20px;\" data-responsive=\"{&quot;css&quot;:{&quot;height&quot;:{&quot;phone&quot;:null,&quot;tablet&quot;:null,&quot;widescreen&quot;:&quot;20px&quot;}}}\"><\/div><div class=\"auto-format ui--animation\"><p>Il nuovo impianto RAEE <strong>Bano<\/strong> pu\u00f2 processare sia i piccoli che i grandi elettrodomestici (per esempio le lavatrici).<br \/>\nOgni impianto \u00e8 personalizzato sulla base delle necessit\u00e0 del cliente, sia in termini di capacit\u00e0 produttiva (si va da 1 a 15 tonnellate per ora) che di tipo di scarto elettrico ed elettronico.<\/p>\n<\/div><div  class=\"ui--space clearfix\" style=\"height: 20px;\" data-responsive=\"{&quot;css&quot;:{&quot;height&quot;:{&quot;phone&quot;:null,&quot;tablet&quot;:null,&quot;widescreen&quot;:&quot;20px&quot;}}}\"><\/div><div class=\"text-center ui--animation\"><a class=\"btn btn-medium btn-icon-left btn-primary\" href=\"https:\/\/www.shredder-bano.com\/it\/richiesta-informazioni\/\" style=\"\">RICHIESTA INFORMAZIONI<\/a> <\/div><\/div> \n\n <div   class=\"ui-column span3\"><h4 id=\"custom-title-h4-1\" class=\"ui--animation \" style=\"text-align: center; \">LINES \/ SYSTEMS<\/h4><div  class=\"ui--divider ui--animation clearfix ui--divider-mini\" style=\"background-color: #ff0000 !important;\"><\/div><div  class=\"ui--space clearfix\" style=\"height: 15px;\" data-responsive=\"{&quot;css&quot;:{&quot;height&quot;:{&quot;phone&quot;:null,&quot;tablet&quot;:null,&quot;widescreen&quot;:&quot;15px&quot;}}}\"><\/div><div class=\"ui--box-widget\"><div  class=\"ui--content-box ui--box ui--content-item ui--animation ui-row\"><div class=\"ui--content-box-header\"><div class=\"ui--content-box-media effect--fade type--default clearfix\" style=\"padding-bottom: 56.25%;\"><a class=\"ui--content-box-link\" href=\"https:\/\/www.shredder-bano.com\/it\/trituratori\/premac-hydro\/\"><div class=\"ui--content-box-image-default\"><img decoding=\"async\"  class=\"ui--content-box-image\" src=\"https:\/\/www.shredder-bano.com\/it\/wp-content\/uploads\/2025\/11\/ante_Premac_Hydro-570x321.jpg\" alt=\"\" title=\"\"\/><\/div><\/a><\/div><a class=\"ui--content-box-link\" href=\"https:\/\/www.shredder-bano.com\/it\/trituratori\/premac-hydro\/\"><div class=\"ui--content-box-title ui--gradient ui--gradient-grey on--hover clearfix text-center\"><h5 class=\"ui--content-box-title-text\">PREMAC HYDRO<\/h5><\/div><\/a><\/div><\/div><\/div><div  class=\"ui--space clearfix\" style=\"height: 15px;\" data-responsive=\"{&quot;css&quot;:{&quot;height&quot;:{&quot;phone&quot;:null,&quot;tablet&quot;:null,&quot;widescreen&quot;:&quot;15px&quot;}}}\"><\/div><div class=\"ui--box-widget\"><div  class=\"ui--content-box ui--box ui--content-item ui--animation ui-row\"><div class=\"ui--content-box-header\"><div class=\"ui--content-box-media effect--fade type--default clearfix\" style=\"padding-bottom: 56.25%;\"><a class=\"ui--content-box-link\" href=\"https:\/\/www.shredder-bano.com\/it\/trituratori\/mulino-verticale\/\"><div class=\"ui--content-box-image-default\"><img decoding=\"async\"  class=\"ui--content-box-image\" src=\"https:\/\/www.shredder-bano.com\/it\/wp-content\/uploads\/2025\/11\/ante_VERTICAL_MILL-570x321.jpg\" alt=\"\" title=\"\"\/><\/div><\/a><\/div><a class=\"ui--content-box-link\" href=\"https:\/\/www.shredder-bano.com\/it\/trituratori\/mulino-verticale\/\"><div class=\"ui--content-box-title ui--gradient ui--gradient-grey on--hover clearfix text-center\"><h5 class=\"ui--content-box-title-text\">MULINO VERTICALE<\/h5><\/div><\/a><\/div><\/div><\/div><div  class=\"ui--space clearfix\" style=\"height: 15px;\" data-responsive=\"{&quot;css&quot;:{&quot;height&quot;:{&quot;phone&quot;:null,&quot;tablet&quot;:null,&quot;widescreen&quot;:&quot;15px&quot;}}}\"><\/div><div class=\"ui--box-widget\"><div  class=\"ui--content-box ui--box ui--content-item ui--animation ui-row\"><div class=\"ui--content-box-header\"><div class=\"ui--content-box-media effect--fade type--default clearfix\" style=\"padding-bottom: 56.25%;\"><a class=\"ui--content-box-link\" href=\"https:\/\/www.shredder-bano.com\/it\/trituratori\/trituratori-serie-beast\/\"><div class=\"ui--content-box-image-default\"><img decoding=\"async\"  class=\"ui--content-box-image\" src=\"https:\/\/www.shredder-bano.com\/it\/wp-content\/uploads\/2025\/11\/Ante_Bano_Beast-570x321.jpg\" alt=\"\" title=\"\"\/><\/div><\/a><\/div><a class=\"ui--content-box-link\" href=\"https:\/\/www.shredder-bano.com\/it\/trituratori\/trituratori-serie-beast\/\"><div class=\"ui--content-box-title ui--gradient ui--gradient-grey on--hover clearfix text-center\"><h5 class=\"ui--content-box-title-text\">BEAST<\/h5><\/div><\/a><\/div><\/div><\/div><div  class=\"ui--space clearfix\" style=\"height: 15px;\" data-responsive=\"{&quot;css&quot;:{&quot;height&quot;:{&quot;phone&quot;:null,&quot;tablet&quot;:null,&quot;widescreen&quot;:&quot;15px&quot;}}}\"><\/div><div class=\"ui--box-widget\"><div  class=\"ui--content-box ui--box ui--content-item ui--animation ui-row\"><div class=\"ui--content-box-header\"><div class=\"ui--content-box-media effect--fade type--default clearfix\" style=\"padding-bottom: 56.25%;\"><a class=\"ui--content-box-link\" href=\"https:\/\/www.shredder-bano.com\/it\/trituratori\/premac-hydro-mobile\/\"><div class=\"ui--content-box-image-default\"><img decoding=\"async\"  class=\"ui--content-box-image\" src=\"https:\/\/www.shredder-bano.com\/it\/wp-content\/uploads\/2025\/11\/ante_PREMAC-HYDRO-MOBILE-570x321-1-570x321.jpg\" alt=\"\" title=\"\"\/><\/div><\/a><\/div><a class=\"ui--content-box-link\" href=\"https:\/\/www.shredder-bano.com\/it\/trituratori\/premac-hydro-mobile\/\"><div class=\"ui--content-box-title ui--gradient ui--gradient-grey on--hover clearfix text-center\"><h5 class=\"ui--content-box-title-text\">PREMAC HYDRO MOBILE<\/h5><\/div><\/a><\/div><\/div><\/div><div  class=\"ui--space clearfix\" style=\"height: 15px;\" data-responsive=\"{&quot;css&quot;:{&quot;height&quot;:{&quot;phone&quot;:null,&quot;tablet&quot;:null,&quot;widescreen&quot;:&quot;15px&quot;}}}\"><\/div><div id=\"nav_menu-3\" class=\"widget widget_nav_menu\"><h4 class=\"sidebar-widget-title ui--widget-title\"><span>Trova nel sito<\/span><\/h4><div class=\"menu-menu_sidebar-container\"><ul id=\"menu-menu_sidebar\" class=\"menu\"><li id=\"menu-item-1440\" class=\"menu-item menu-item-type-post_type menu-item-object-page menu-item-home menu-item-1440\"><a href=\"https:\/\/www.shredder-bano.com\/it\/\">Home<\/a><\/li>\n<li id=\"menu-item-1886\" class=\"menu-item menu-item-type-post_type menu-item-object-page menu-item-1886\"><a href=\"https:\/\/www.shredder-bano.com\/it\/bano-recycling-test-center\/\">Test Center<\/a><\/li>\n<li id=\"menu-item-2388\" class=\"menu-item menu-item-type-post_type menu-item-object-page menu-item-2388\"><a href=\"https:\/\/www.shredder-bano.com\/it\/youtube-playlist\/\">Video<\/a><\/li>\n<li id=\"menu-item-1888\" class=\"menu-item menu-item-type-post_type menu-item-object-page menu-item-1888\"><a href=\"https:\/\/www.shredder-bano.com\/it\/contatti\/\">Contattaci<\/a><\/li>\n<li id=\"menu-item-2423\" class=\"menu-item menu-item-type-post_type menu-item-object-page menu-item-2423\"><a href=\"https:\/\/www.shredder-bano.com\/it\/modulo-di-richiesta-ricambi\/\">Ricambi<\/a><\/li>\n<li id=\"menu-item-2422\" class=\"menu-item menu-item-type-post_type menu-item-object-page menu-item-2422\"><a href=\"https:\/\/www.shredder-bano.com\/it\/modulo-di-richiesta-assistenza\/\">Assistenza<\/a><\/li>\n<li id=\"menu-item-2270\" class=\"menu-item menu-item-type-post_type menu-item-object-page menu-item-2270\"><a href=\"https:\/\/www.shredder-bano.com\/it\/download\/\">Download<\/a><\/li>\n<li id=\"menu-item-2135\" class=\"menu-item menu-item-type-post_type menu-item-object-page menu-item-privacy-policy menu-item-2135\"><a rel=\"privacy-policy\" href=\"https:\/\/www.shredder-bano.com\/it\/privacy\/\">Informativa Privacy<\/a><\/li>\n<li id=\"menu-item-2136\" class=\"menu-item menu-item-type-post_type menu-item-object-page menu-item-2136\"><a href=\"https:\/\/www.shredder-bano.com\/it\/cookie-policy\/\">Cookie policy<\/a><\/li>\n<\/ul><\/div><\/div><div id=\"search-2\" class=\"widget widget_search\"><form class=\"searchform\" action=\"https:\/\/www.shredder-bano.com\/it\/\" method=\"get\">\n\t<input type=\"text\" name=\"s\" value=\"\" placeholder=\"Cerca\" \/>\n\t<button type=\"submit\" class=\"btn btn-primary btn-small\">Cerca<\/button>\n<\/form><\/div><\/div> \n\n<\/div> \n<div  class=\"ui--space clearfix\" data-responsive=\"{&quot;css&quot;:{&quot;height&quot;:{&quot;phone&quot;:null,&quot;tablet&quot;:null,&quot;widescreen&quot;:null}}}\"><\/div><div  id=\"section-zesxb\" class=\"fullwidth-content ui--section clearfix inner-shadow-1 section-zesxb color--dark\" style=\"margin-bottom: -15px;\"><div  class=\"ui--section-content inner-shadow-1\"><div class=\"container\"><div class=\"ui--image-wrap clearfix text-center ui--block\"><a href=\"https:\/\/www.youtube.com\/playlist?list=PLEYVE3jeSNRlkP8pU1btCnEAvrqIQ5Aco\" target=\"_blank\"><img decoding=\"async\"  id=\"ui--image-1\" class=\"ui--image ui--animation\" src=\"https:\/\/www.shredder-bano.com\/it\/wp-content\/uploads\/2020\/05\/bano_youtube_ITA.png\" alt=\"bano_youtube\" title=\"bano_youtube\" data-at2x=\"\"\/><\/a><\/div><\/div><\/div><\/div><!-- \/.fullwidth-container -->","protected":false},"excerpt":{"rendered":"<p>Nuovi sviluppi per il recupero di materie prime da rifiuti elettronici (RAEE)L&#8217;impianto di riciclo di rifiuti elettronici Bano \u00e8 la combinazione perfetta di due tecnologie all&#8217;avanguardia: l\u2019incredibile trituratore monoalbero PREMAC HYDRO e l\u2019innovativo MULINO VERTICALE. Finalmente una soluzione unica e completa che garantisce prodotti finali di qualit\u00e0, il massimo del recupero e altissime performance. Il [&hellip;]<\/p>\n","protected":false},"author":1,"featured_media":0,"parent":0,"menu_order":0,"comment_status":"closed","ping_status":"closed","template":"","meta":{"footnotes":""},"class_list":["post-1665","page","type-page","status-publish","hentry"],"yoast_head":"<!-- This site is optimized with the Yoast SEO plugin v25.3.1 - https:\/\/yoast.com\/wordpress\/plugins\/seo\/ -->\n<title>Rifiuti elettronici (RAEE) - BANO RECYCLING<\/title>\n<meta name=\"description\" content=\"Il nuovo impianto RAEE Bano pu\u00f2 processare sia i piccoli che i grandi elettrodomestici come lavatrici. Ogni impianto \u00e8 personalizzato sulla base delle necessit\u00e0 del cliente, sia in termini di capacit\u00e0 produttiva che di tipo di scarto elettrico ed elettronico.\" \/>\n<meta name=\"robots\" content=\"index, follow, max-snippet:-1, max-image-preview:large, max-video-preview:-1\" \/>\n<link rel=\"canonical\" href=\"https:\/\/www.shredder-bano.com\/it\/rifiuti-elettronici-raee\/\" \/>\n<meta property=\"og:locale\" content=\"it_IT\" \/>\n<meta property=\"og:type\" content=\"article\" \/>\n<meta property=\"og:title\" content=\"Rifiuti elettronici (RAEE) - BANO RECYCLING\" \/>\n<meta property=\"og:description\" content=\"Il nuovo impianto RAEE Bano pu\u00f2 processare sia i piccoli che i grandi elettrodomestici come lavatrici. Ogni impianto \u00e8 personalizzato sulla base delle necessit\u00e0 del cliente, sia in termini di capacit\u00e0 produttiva che di tipo di scarto elettrico ed elettronico.\" \/>\n<meta property=\"og:url\" content=\"https:\/\/www.shredder-bano.com\/it\/rifiuti-elettronici-raee\/\" \/>\n<meta property=\"og:site_name\" content=\"BANO RECYCLING\" \/>\n<meta property=\"article:publisher\" content=\"https:\/\/www.facebook.com\/BanoRecycling\" \/>\n<meta property=\"article:modified_time\" content=\"2025-11-12T17:16:07+00:00\" \/>\n<meta name=\"twitter:card\" content=\"summary_large_image\" \/>\n<meta name=\"twitter:label1\" content=\"Tempo di lettura stimato\" \/>\n\t<meta name=\"twitter:data1\" content=\"2 minuti\" \/>\n<script type=\"application\/ld+json\" class=\"yoast-schema-graph\">{\"@context\":\"https:\/\/schema.org\",\"@graph\":[{\"@type\":\"WebPage\",\"@id\":\"https:\/\/www.shredder-bano.com\/it\/rifiuti-elettronici-raee\/\",\"url\":\"https:\/\/www.shredder-bano.com\/it\/rifiuti-elettronici-raee\/\",\"name\":\"Rifiuti elettronici (RAEE) - BANO RECYCLING\",\"isPartOf\":{\"@id\":\"https:\/\/www.shredder-bano.com\/it\/#website\"},\"datePublished\":\"2018-02-14T10:28:30+00:00\",\"dateModified\":\"2025-11-12T17:16:07+00:00\",\"description\":\"Il nuovo impianto RAEE Bano pu\u00f2 processare sia i piccoli che i grandi elettrodomestici come lavatrici. Ogni impianto \u00e8 personalizzato sulla base delle necessit\u00e0 del cliente, sia in termini di capacit\u00e0 produttiva che di tipo di scarto elettrico ed elettronico.\",\"breadcrumb\":{\"@id\":\"https:\/\/www.shredder-bano.com\/it\/rifiuti-elettronici-raee\/#breadcrumb\"},\"inLanguage\":\"it-IT\",\"potentialAction\":[{\"@type\":\"ReadAction\",\"target\":[\"https:\/\/www.shredder-bano.com\/it\/rifiuti-elettronici-raee\/\"]}]},{\"@type\":\"BreadcrumbList\",\"@id\":\"https:\/\/www.shredder-bano.com\/it\/rifiuti-elettronici-raee\/#breadcrumb\",\"itemListElement\":[{\"@type\":\"ListItem\",\"position\":1,\"name\":\"Home\",\"item\":\"https:\/\/www.shredder-bano.com\/it\/\"},{\"@type\":\"ListItem\",\"position\":2,\"name\":\"Rifiuti elettronici (RAEE)\"}]},{\"@type\":\"WebSite\",\"@id\":\"https:\/\/www.shredder-bano.com\/it\/#website\",\"url\":\"https:\/\/www.shredder-bano.com\/it\/\",\"name\":\"BANO RECYCLING\",\"description\":\"Innovative solutions for recycling\",\"publisher\":{\"@id\":\"https:\/\/www.shredder-bano.com\/it\/#organization\"},\"potentialAction\":[{\"@type\":\"SearchAction\",\"target\":{\"@type\":\"EntryPoint\",\"urlTemplate\":\"https:\/\/www.shredder-bano.com\/it\/?s={search_term_string}\"},\"query-input\":{\"@type\":\"PropertyValueSpecification\",\"valueRequired\":true,\"valueName\":\"search_term_string\"}}],\"inLanguage\":\"it-IT\"},{\"@type\":\"Organization\",\"@id\":\"https:\/\/www.shredder-bano.com\/it\/#organization\",\"name\":\"Bano Recycling s.r.l.\",\"url\":\"https:\/\/www.shredder-bano.com\/it\/\",\"logo\":{\"@type\":\"ImageObject\",\"inLanguage\":\"it-IT\",\"@id\":\"https:\/\/www.shredder-bano.com\/it\/#\/schema\/logo\/image\/\",\"url\":\"https:\/\/www.shredder-bano.com\/it\/wp-content\/uploads\/2018\/02\/logo_bano_no_claim.png\",\"contentUrl\":\"https:\/\/www.shredder-bano.com\/it\/wp-content\/uploads\/2018\/02\/logo_bano_no_claim.png\",\"width\":285,\"height\":91,\"caption\":\"Bano Recycling s.r.l.\"},\"image\":{\"@id\":\"https:\/\/www.shredder-bano.com\/it\/#\/schema\/logo\/image\/\"},\"sameAs\":[\"https:\/\/www.facebook.com\/BanoRecycling\",\"https:\/\/www.youtube.com\/user\/BanoRecycling\/featured\"]}]}<\/script>\n<!-- \/ Yoast SEO plugin. -->","yoast_head_json":{"title":"Rifiuti elettronici (RAEE) - BANO RECYCLING","description":"Il nuovo impianto RAEE Bano pu\u00f2 processare sia i piccoli che i grandi elettrodomestici come lavatrici. Ogni impianto \u00e8 personalizzato sulla base delle necessit\u00e0 del cliente, sia in termini di capacit\u00e0 produttiva che di tipo di scarto elettrico ed elettronico.","robots":{"index":"index","follow":"follow","max-snippet":"max-snippet:-1","max-image-preview":"max-image-preview:large","max-video-preview":"max-video-preview:-1"},"canonical":"https:\/\/www.shredder-bano.com\/it\/rifiuti-elettronici-raee\/","og_locale":"it_IT","og_type":"article","og_title":"Rifiuti elettronici (RAEE) - BANO RECYCLING","og_description":"Il nuovo impianto RAEE Bano pu\u00f2 processare sia i piccoli che i grandi elettrodomestici come lavatrici. Ogni impianto \u00e8 personalizzato sulla base delle necessit\u00e0 del cliente, sia in termini di capacit\u00e0 produttiva che di tipo di scarto elettrico ed elettronico.","og_url":"https:\/\/www.shredder-bano.com\/it\/rifiuti-elettronici-raee\/","og_site_name":"BANO RECYCLING","article_publisher":"https:\/\/www.facebook.com\/BanoRecycling","article_modified_time":"2025-11-12T17:16:07+00:00","twitter_card":"summary_large_image","twitter_misc":{"Tempo di lettura stimato":"2 minuti"},"schema":{"@context":"https:\/\/schema.org","@graph":[{"@type":"WebPage","@id":"https:\/\/www.shredder-bano.com\/it\/rifiuti-elettronici-raee\/","url":"https:\/\/www.shredder-bano.com\/it\/rifiuti-elettronici-raee\/","name":"Rifiuti elettronici (RAEE) - BANO RECYCLING","isPartOf":{"@id":"https:\/\/www.shredder-bano.com\/it\/#website"},"datePublished":"2018-02-14T10:28:30+00:00","dateModified":"2025-11-12T17:16:07+00:00","description":"Il nuovo impianto RAEE Bano pu\u00f2 processare sia i piccoli che i grandi elettrodomestici come lavatrici. Ogni impianto \u00e8 personalizzato sulla base delle necessit\u00e0 del cliente, sia in termini di capacit\u00e0 produttiva che di tipo di scarto elettrico ed elettronico.","breadcrumb":{"@id":"https:\/\/www.shredder-bano.com\/it\/rifiuti-elettronici-raee\/#breadcrumb"},"inLanguage":"it-IT","potentialAction":[{"@type":"ReadAction","target":["https:\/\/www.shredder-bano.com\/it\/rifiuti-elettronici-raee\/"]}]},{"@type":"BreadcrumbList","@id":"https:\/\/www.shredder-bano.com\/it\/rifiuti-elettronici-raee\/#breadcrumb","itemListElement":[{"@type":"ListItem","position":1,"name":"Home","item":"https:\/\/www.shredder-bano.com\/it\/"},{"@type":"ListItem","position":2,"name":"Rifiuti elettronici (RAEE)"}]},{"@type":"WebSite","@id":"https:\/\/www.shredder-bano.com\/it\/#website","url":"https:\/\/www.shredder-bano.com\/it\/","name":"BANO RECYCLING","description":"Innovative solutions for recycling","publisher":{"@id":"https:\/\/www.shredder-bano.com\/it\/#organization"},"potentialAction":[{"@type":"SearchAction","target":{"@type":"EntryPoint","urlTemplate":"https:\/\/www.shredder-bano.com\/it\/?s={search_term_string}"},"query-input":{"@type":"PropertyValueSpecification","valueRequired":true,"valueName":"search_term_string"}}],"inLanguage":"it-IT"},{"@type":"Organization","@id":"https:\/\/www.shredder-bano.com\/it\/#organization","name":"Bano Recycling s.r.l.","url":"https:\/\/www.shredder-bano.com\/it\/","logo":{"@type":"ImageObject","inLanguage":"it-IT","@id":"https:\/\/www.shredder-bano.com\/it\/#\/schema\/logo\/image\/","url":"https:\/\/www.shredder-bano.com\/it\/wp-content\/uploads\/2018\/02\/logo_bano_no_claim.png","contentUrl":"https:\/\/www.shredder-bano.com\/it\/wp-content\/uploads\/2018\/02\/logo_bano_no_claim.png","width":285,"height":91,"caption":"Bano Recycling s.r.l."},"image":{"@id":"https:\/\/www.shredder-bano.com\/it\/#\/schema\/logo\/image\/"},"sameAs":["https:\/\/www.facebook.com\/BanoRecycling","https:\/\/www.youtube.com\/user\/BanoRecycling\/featured"]}]}},"_links":{"self":[{"href":"https:\/\/www.shredder-bano.com\/it\/wp-json\/wp\/v2\/pages\/1665"}],"collection":[{"href":"https:\/\/www.shredder-bano.com\/it\/wp-json\/wp\/v2\/pages"}],"about":[{"href":"https:\/\/www.shredder-bano.com\/it\/wp-json\/wp\/v2\/types\/page"}],"author":[{"embeddable":true,"href":"https:\/\/www.shredder-bano.com\/it\/wp-json\/wp\/v2\/users\/1"}],"replies":[{"embeddable":true,"href":"https:\/\/www.shredder-bano.com\/it\/wp-json\/wp\/v2\/comments?post=1665"}],"version-history":[{"count":6,"href":"https:\/\/www.shredder-bano.com\/it\/wp-json\/wp\/v2\/pages\/1665\/revisions"}],"predecessor-version":[{"id":2640,"href":"https:\/\/www.shredder-bano.com\/it\/wp-json\/wp\/v2\/pages\/1665\/revisions\/2640"}],"wp:attachment":[{"href":"https:\/\/www.shredder-bano.com\/it\/wp-json\/wp\/v2\/media?parent=1665"}],"curies":[{"name":"wp","href":"https:\/\/api.w.org\/{rel}","templated":true}]}}